{"id":18,"date":"2025-07-08T18:40:39","date_gmt":"2025-07-08T18:40:39","guid":{"rendered":"https:\/\/barrosojunkcars.com\/pagina-inicial\/"},"modified":"2025-07-22T01:16:39","modified_gmt":"2025-07-22T01:16:39","slug":"pagina-inicial","status":"publish","type":"page","link":"https:\/\/barrosojunkcars.com\/pt\/","title":{"rendered":"P\u00e1gina Inicial"},"content":{"rendered":"<div class=\"wp-block-group alignfull has-background-background-color has-background has-global-padding is-layout-constrained wp-block-group-is-layout-constrained\" style=\"border-top-width:1px;margin-top:0;margin-bottom:0;padding-top:var(--wp--preset--spacing--50);padding-bottom:var(--wp--preset--spacing--60)\">\n<div class=\"wp-block-group alignwide has-global-padding is-content-justification-left is-layout-constrained wp-container-core-group-is-layout-12dd3699 wp-block-group-is-layout-constrained\">\n<div class=\"wp-block-group alignwide is-vertical is-layout-flex wp-container-core-group-is-layout-fe9cc265 wp-block-group-is-layout-flex\">\n<h1 class=\"wp-block-heading\">Transforme seu carro velho em dinheiro agora \u2014 ou saia dirigindo um seminovo de confian\u00e7a!<\/h1>\n<\/div>\n\n\n\n<div class=\"wp-block-cover alignfull has-custom-content-position is-position-bottom-left extendify-image-import has-aspect-ratio\" style=\"border-radius:0.5rem;padding-top:var(--wp--preset--spacing--50);padding-right:var(--wp--preset--spacing--50);padding-bottom:var(--wp--preset--spacing--50);padding-left:var(--wp--preset--spacing--50);aspect-ratio:16\/9;min-height:unset;\"><img decoding=\"async\" class=\"wp-block-cover__image-background\" alt=\"\" src=\"https:\/\/images.unsplash.com\/photo-1742982372375-b90e36e7e451?ixid=M3w0MzUxNjF8MHwxfHNlYXJjaHw0fHxqdW5rJTIwY2Fyc3xlbnwwfHx8fDE3NTE5OTkzNjZ8MA&amp;ixlib=rb-4.1.0&amp;orientation=landscape?fit=crop&amp;crop=entropy%2Cfaces&amp;auto=format%2Ccompress&amp;w=1280\" data-object-fit=\"cover\"\/><span aria-hidden=\"true\" class=\"wp-block-cover__background has-background-dim-60 has-background-dim\"><\/span><div class=\"wp-block-cover__inner-container has-global-padding is-layout-constrained wp-container-core-cover-is-layout-f611be13 wp-block-cover-is-layout-constrained\">\n<div class=\"wp-block-group has-global-padding is-layout-constrained wp-container-core-group-is-layout-19e250f3 wp-block-group-is-layout-constrained\">\n<p>Na <em>Barroso Junk Cars<\/em>a gente facilita sua vida:<br>Compramos seu carro velho com pagamento r\u00e1pido e sem burocracia.<br>Mas n\u00e3o \u00e9 s\u00f3 isso! Tamb\u00e9m oferecemos carros usados com excelente custo-benef\u00edcio, prontos para voc\u00ea levar pra casa com toda a seguran\u00e7a. E pra completar, cuidamos do seguro e da documenta\u00e7\u00e3o do seu novo ve\u00edculo.\nAtendimento em todo o Massachusetts, com agilidade e confian\u00e7a!<\/p>\n\n\n\n<div class=\"wp-block-buttons is-layout-flex wp-container-core-buttons-is-layout-12dcd427 wp-block-buttons-is-layout-flex\" style=\"margin-top:var(--wp--preset--spacing--40)\">\n<div class=\"wp-block-button\"><a class=\"wp-block-button__link wp-element-button\" href=\"https:\/\/barrosojunkcars.com\/pt\/contato\/\">Saiba Mais<\/a><\/div>\n<\/div>\n<\/div>\n<\/div><\/div>\n<\/div>\n<\/div>\n\n\n\n<div class=\"wp-block-group alignwide has-tertiary-background-color has-background has-global-padding is-layout-constrained wp-container-core-group-is-layout-fb85e995 wp-block-group-is-layout-constrained\" id=\"orcamento\" style=\"border-top-width:1px;margin-top:0;margin-bottom:0;padding-top:var(--wp--preset--spacing--60);padding-right:var(--wp--preset--spacing--30);padding-bottom:var(--wp--preset--spacing--60);padding-left:var(--wp--preset--spacing--30)\">\n<div class=\"wp-block-group alignwide has-global-padding is-layout-constrained wp-block-group-is-layout-constrained\" style=\"border-width:1px\">\n<div class=\"wp-block-media-text alignwide has-media-on-the-right is-stacked-on-mobile extendify-image-import\" style=\"grid-template-columns:auto 35%\"><div class=\"wp-block-media-text__content\">\n<div class=\"wp-block-group has-global-padding is-layout-constrained wp-block-group-is-layout-constrained\">\n<h2 class=\"wp-block-heading has-large-font-size\">\ud83d\ude97 Tudo em Um S\u00f3 Lugar para Cuidar do Seu Carro!<\/h2>\n\n\n\n<p style=\"margin-top:16px\">Remo\u00e7\u00e3o r\u00e1pida de carros velhos, seguros com \u00f3timo custo-benef\u00edcio e venda de carros usados com documenta\u00e7\u00e3o em dia.<br><strong>Clique abaixo e conhe\u00e7a todos os nossos servi\u00e7os!<\/strong><\/p>\n\n\n\n<div class=\"wp-block-buttons is-content-justification-center is-layout-flex wp-container-core-buttons-is-layout-a89b3969 wp-block-buttons-is-layout-flex\">\n<div class=\"wp-block-button\"><a class=\"wp-block-button__link wp-element-button\" href=\"https:\/\/barrosojunkcars.com\/pt\/orcamento\/\">&#x1f7e5; <strong>Ver Todos os Servi\u00e7os<\/strong><\/a><\/div>\n<\/div>\n<\/div>\n<\/div><figure class=\"wp-block-media-text__media\"><img loading=\"lazy\" decoding=\"async\" width=\"1024\" height=\"597\" src=\"https:\/\/barrosojunkcars.com\/wp-content\/uploads\/2025\/07\/Velho-e-dinheiro-1024x597.webp\" alt=\"\" class=\"wp-image-47 size-full\" srcset=\"https:\/\/barrosojunkcars.com\/wp-content\/uploads\/2025\/07\/Velho-e-dinheiro-1024x597.webp 1024w, https:\/\/barrosojunkcars.com\/wp-content\/uploads\/2025\/07\/Velho-e-dinheiro-300x175.webp 300w, https:\/\/barrosojunkcars.com\/wp-content\/uploads\/2025\/07\/Velho-e-dinheiro-768x448.webp 768w, https:\/\/barrosojunkcars.com\/wp-content\/uploads\/2025\/07\/Velho-e-dinheiro.webp 1200w\" sizes=\"auto, (max-width: 1024px) 100vw, 1024px\" \/><\/figure><\/div>\n<\/div>\n<\/div>\n\n\n\n<div class=\"wp-block-group alignfull has-background-background-color has-background has-global-padding is-layout-constrained wp-container-core-group-is-layout-7276a2bb wp-block-group-is-layout-constrained\" id=\"servicos\" style=\"border-top-width:1px;margin-top:0;margin-bottom:0;padding-top:var(--wp--preset--spacing--60);padding-right:var(--wp--preset--spacing--30);padding-bottom:var(--wp--preset--spacing--60);padding-left:var(--wp--preset--spacing--30)\">\n<div class=\"wp-block-group alignwide is-vertical is-layout-flex wp-container-core-group-is-layout-fe9cc265 wp-block-group-is-layout-flex\">\n<div class=\"wp-block-group alignwide has-global-padding is-content-justification-left is-layout-constrained wp-container-core-group-is-layout-8b4c372c wp-block-group-is-layout-constrained\">\n<h2 class=\"wp-block-heading alignwide\">\ud83d\ude97 Solicite Agora Seu Or\u00e7amento R\u00e1pido e Sem Compromisso!<\/h2>\n\n\n\n<p style=\"margin-top:16px\"><strong>Remo\u00e7\u00e3o de Carro Velho | Seguro Automotivo | Compra de Usados<\/strong><\/p>\n<\/div>\n<\/div>\n\n\n\n<div class=\"wp-block-columns alignwide is-layout-flex wp-container-core-columns-is-layout-28f84493 wp-block-columns-is-layout-flex\">\n<div class=\"wp-block-column is-layout-flow wp-block-column-is-layout-flow\" style=\"border-width:1px;padding-top:var(--wp--preset--spacing--30);padding-right:var(--wp--preset--spacing--30);padding-bottom:var(--wp--preset--spacing--30);padding-left:var(--wp--preset--spacing--30)\">\n<h3 class=\"wp-block-heading\" style=\"font-size:clamp(14px, 0.875rem + ((1vw - 3.2px) * 0.625), 20px);line-height:1.5\">&#x2705; <strong>Tiramos seu carro com rapidez e cuidado \u2014 e voc\u00ea ainda recebe na hora!<\/strong><\/h3>\n\n\n\n<p class=\"has-small-font-size\" style=\"margin-top:8px\">Agilidade e praticidade na hora de remover seu ve\u00edculo antigo. A gente cuida de tudo!<\/p>\n\n\n\n<div class=\"wp-block-buttons is-content-justification-center is-layout-flex wp-container-core-buttons-is-layout-a89b3969 wp-block-buttons-is-layout-flex\">\n<div class=\"wp-block-button\"><a class=\"wp-block-button__link wp-element-button\">&#x1f7e9; <strong>Pedir Remo\u00e7\u00e3o Agora<\/strong><\/a><\/div>\n<\/div>\n<\/div>\n\n\n\n<div class=\"wp-block-column is-layout-flow wp-block-column-is-layout-flow\" style=\"border-width:1px;padding-top:var(--wp--preset--spacing--30);padding-right:var(--wp--preset--spacing--30);padding-bottom:var(--wp--preset--spacing--30);padding-left:var(--wp--preset--spacing--30)\">\n<h3 class=\"wp-block-heading\" style=\"font-size:clamp(14px, 0.875rem + ((1vw - 3.2px) * 0.625), 20px);line-height:1.5\">Seguro automotivo com as melhores condi\u00e7\u00f5es<\/h3>\n\n\n\n<p class=\"has-small-font-size\" style=\"margin-top:8px\">Cuidamos do seu seguro com agilidade, \u00f3timo pre\u00e7o e suporte total em toda a documenta\u00e7\u00e3o.<\/p>\n\n\n\n<div class=\"wp-block-buttons is-content-justification-center is-layout-flex wp-container-core-buttons-is-layout-a89b3969 wp-block-buttons-is-layout-flex\">\n<div class=\"wp-block-button\"><a class=\"wp-block-button__link wp-element-button\" href=\"https:\/\/barrosojunkcars.com\/pt\/cotacao-seguro\/\">\ud83d\udfe6 Fazer Cota\u00e7\u00e3o de Seguro<\/a><\/div>\n<\/div>\n<\/div>\n\n\n\n<div class=\"wp-block-column is-layout-flow wp-block-column-is-layout-flow\" style=\"border-width:1px;padding-top:var(--wp--preset--spacing--30);padding-right:var(--wp--preset--spacing--30);padding-bottom:var(--wp--preset--spacing--30);padding-left:var(--wp--preset--spacing--30)\">\n<h3 class=\"wp-block-heading\" style=\"font-size:clamp(14px, 0.875rem + ((1vw - 3.2px) * 0.625), 20px);line-height:1.5\">\u2705 Carros usados em \u00f3timo estado, prontos pra voc\u00ea!<\/h3>\n\n\n\n<p class=\"has-small-font-size\" style=\"margin-top:8px\">Temos carros usados com \u00f3timo custo-benef\u00edcio, revisados e com toda a documenta\u00e7\u00e3o em dia.<\/p>\n\n\n\n<div class=\"wp-block-buttons is-content-justification-center is-layout-flex wp-container-core-buttons-is-layout-a89b3969 wp-block-buttons-is-layout-flex\">\n<div class=\"wp-block-button\"><a class=\"wp-block-button__link wp-element-button\" href=\"https:\/\/barrosojunkcars.com\/pt\/available-cars-for-sale\/\">&#x1f7e8; <strong>Ver Carros Dispon\u00edveis<\/strong><\/a><\/div>\n<\/div>\n<\/div>\n<\/div>\n<\/div>\n\n\n\n<div class=\"wp-block-group alignfull has-tertiary-background-color has-background has-global-padding is-layout-constrained wp-container-core-group-is-layout-7d1597ee wp-block-group-is-layout-constrained\" id=\"sobre\" style=\"border-top-width:1px;margin-top:0;margin-bottom:0;padding-top:var(--wp--preset--spacing--60);padding-right:0;padding-bottom:var(--wp--preset--spacing--60);padding-left:0\">\n<div class=\"wp-block-columns alignwide is-layout-flex wp-container-core-columns-is-layout-d0bbbce0 wp-block-columns-is-layout-flex\">\n<div class=\"wp-block-column is-layout-flow wp-block-column-is-layout-flow\">\n<div class=\"wp-block-group has-global-padding is-layout-constrained wp-block-group-is-layout-constrained\" style=\"padding-top:var(--wp--preset--spacing--60);padding-bottom:var(--wp--preset--spacing--60)\">\n<h2 class=\"wp-block-heading\">Desapegue do seu carro antigo, n\u00f3s compramos por voc\u00ea!<\/h2>\n\n\n\n<p style=\"margin-top:16px\">Na Barroso Junk Cars, nossa miss\u00e3o \u00e9 facilitar a remo\u00e7\u00e3o de carros velhos em Massachusetts com transpar\u00eancia e agilidade.<br>Valorizamos o atendimento personalizado e a sustentabilidade, transformando ve\u00edculos fora de uso em oportunidades para nossos clientes e para o meio ambiente.<\/p>\n<\/div>\n<\/div>\n\n\n\n<div class=\"wp-block-column is-layout-flow wp-block-column-is-layout-flow\">\n<figure class=\"wp-block-image extendify-image-import\"><img decoding=\"async\" src=\"https:\/\/images.unsplash.com\/photo-1711980593800-847eb6a63e33?ixid=M3w0MzUxNjF8MHwxfHNlYXJjaHwxfHxqdW5rJTIwY2Fyc3xlbnwwfHx8fDE3NTE5OTkzNjZ8MA&amp;ixlib=rb-4.1.0&amp;orientation=landscape?fit=crop&amp;crop=entropy%2Cfaces&amp;auto=format%2Ccompress&amp;w=1280\" alt=\"\" style=\"aspect-ratio:4\/3;object-fit:cover\"\/><\/figure>\n<\/div>\n<\/div>\n<\/div>\n\n\n\n<div id=\"depoimentos\" class=\"wp-block-group has-background-background-color has-background has-global-padding is-layout-constrained wp-container-core-group-is-layout-b8f1cce0 wp-block-group-is-layout-constrained\" style=\"border-top-width:1px;margin-top:0;margin-bottom:0;padding-top:0;padding-right:var(--wp--preset--spacing--30);padding-bottom:0;padding-left:var(--wp--preset--spacing--30)\">\n<div class=\"wp-block-group alignwide is-layout-flow wp-block-group-is-layout-flow\" style=\"padding-top:var(--wp--preset--spacing--60);padding-bottom:var(--wp--preset--spacing--60)\">\n<p class=\"has-text-align-center has-large-font-size\" style=\"font-style:normal;font-weight:500;line-height:1.3\">Eles superaram todas as minhas expectativas na remo\u00e7\u00e3o do meu carro antigo, com rapidez e profissionalismo.<\/p>\n\n\n\n<div class=\"wp-block-group has-global-padding is-layout-constrained wp-container-core-group-is-layout-03abb0ef wp-block-group-is-layout-constrained\">\n<figure class=\"wp-block-image aligncenter is-style-rounded extendify-image-import\"><img decoding=\"async\" src=\"https:\/\/images.unsplash.com\/photo-1552374196-c4e7ffc6e126?fit=crop&amp;crop=entropy%2Cfaces&amp;auto=format%2Ccompress&amp;w=1280\" alt=\"\" style=\"aspect-ratio:1;object-fit:cover\"\/><\/figure>\n<\/div>\n\n\n\n<h4 class=\"wp-block-heading has-text-align-center\" style=\"margin-top:18px;font-size:clamp(14px, 0.875rem + ((1vw - 3.2px) * 0.417), 18px);\">Marcos Silva<\/h4>\n\n\n\n<p class=\"has-text-align-center has-small-font-size\" style=\"margin-top:4px\">Propriet\u00e1rio de ve\u00edculo<\/p>\n<\/div>\n<\/div>","protected":false},"excerpt":{"rendered":"<p>Turn your old car into cash today \u2014 or drive off in a dependable used vehicle you can trust! &#x1f697; Everything You Need to Take Care of Your Car \u2014 All in One Place! Fast removal of old cars, affordable insurance options, and used car sales with up-to-date documentation.Click below and explore all our services! [&hellip;]<\/p>\n","protected":false},"author":1,"featured_media":0,"parent":0,"menu_order":0,"comment_status":"closed","ping_status":"closed","template":"no-title","meta":{"_joinchat":[],"footnotes":""},"class_list":["post-18","page","type-page","status-publish","hentry"],"yoast_head":"<!-- This site is optimized with the Yoast SEO plugin v27.2 - https:\/\/yoast.com\/product\/yoast-seo-wordpress\/ -->\n<title>P\u00e1gina Inicial - Barroso Junk Cars<\/title>\n<meta name=\"robots\" content=\"index, follow, max-snippet:-1, max-image-preview:large, max-video-preview:-1\" \/>\n<link rel=\"canonical\" href=\"https:\/\/barrosojunkcars.com\/pt\/\" \/>\n<meta property=\"og:locale\" content=\"pt_BR\" \/>\n<meta property=\"og:type\" content=\"article\" \/>\n<meta property=\"og:title\" content=\"P\u00e1gina Inicial - Barroso Junk Cars\" \/>\n<meta property=\"og:description\" content=\"Turn your old car into cash today \u2014 or drive off in a dependable used vehicle you can trust! &#x1f697; Everything You Need to Take Care of Your Car \u2014 All in One Place! Fast removal of old cars, affordable insurance options, and used car sales with up-to-date documentation.Click below and explore all our services! [&hellip;]\" \/>\n<meta property=\"og:url\" content=\"https:\/\/barrosojunkcars.com\/pt\/\" \/>\n<meta property=\"og:site_name\" content=\"Barroso Junk Cars\" \/>\n<meta property=\"article:publisher\" content=\"https:\/\/www.facebook.com\/barrosocars12355\" \/>\n<meta property=\"article:modified_time\" content=\"2025-07-22T01:16:39+00:00\" \/>\n<meta property=\"og:image\" content=\"https:\/\/images.unsplash.com\/photo-1742982372375-b90e36e7e451?ixid=M3w0MzUxNjF8MHwxfHNlYXJjaHw0fHxqdW5rJTIwY2Fyc3xlbnwwfHx8fDE3NTE5OTkzNjZ8MA&amp;ixlib=rb-4.1.0&amp;orientation=landscape?fit=crop&amp;crop=entropy%2Cfaces&amp;auto=format%2Ccompress&amp;w=1280\" \/>\n<meta name=\"twitter:card\" content=\"summary_large_image\" \/>\n<script type=\"application\/ld+json\" class=\"yoast-schema-graph\">{\"@context\":\"https:\/\/schema.org\",\"@graph\":[{\"@type\":\"WebPage\",\"@id\":\"https:\/\/barrosojunkcars.com\/\",\"url\":\"https:\/\/barrosojunkcars.com\/\",\"name\":\"P\u00e1gina Inicial - Barroso Junk Cars\",\"isPartOf\":{\"@id\":\"https:\/\/barrosojunkcars.com\/#website\"},\"primaryImageOfPage\":{\"@id\":\"https:\/\/barrosojunkcars.com\/#primaryimage\"},\"image\":{\"@id\":\"https:\/\/barrosojunkcars.com\/#primaryimage\"},\"thumbnailUrl\":\"https:\/\/images.unsplash.com\/photo-1742982372375-b90e36e7e451?ixid=M3w0MzUxNjF8MHwxfHNlYXJjaHw0fHxqdW5rJTIwY2Fyc3xlbnwwfHx8fDE3NTE5OTkzNjZ8MA&amp;ixlib=rb-4.1.0&amp;orientation=landscape?fit=crop&amp;crop=entropy%2Cfaces&amp;auto=format%2Ccompress&amp;w=1280\",\"datePublished\":\"2025-07-08T18:40:39+00:00\",\"dateModified\":\"2025-07-22T01:16:39+00:00\",\"breadcrumb\":{\"@id\":\"https:\/\/barrosojunkcars.com\/#breadcrumb\"},\"inLanguage\":\"pt-BR\",\"potentialAction\":[{\"@type\":\"ReadAction\",\"target\":[\"https:\/\/barrosojunkcars.com\/\"]}]},{\"@type\":\"ImageObject\",\"inLanguage\":\"pt-BR\",\"@id\":\"https:\/\/barrosojunkcars.com\/#primaryimage\",\"url\":\"https:\/\/images.unsplash.com\/photo-1742982372375-b90e36e7e451?ixid=M3w0MzUxNjF8MHwxfHNlYXJjaHw0fHxqdW5rJTIwY2Fyc3xlbnwwfHx8fDE3NTE5OTkzNjZ8MA&amp;ixlib=rb-4.1.0&amp;orientation=landscape?fit=crop&amp;crop=entropy%2Cfaces&amp;auto=format%2Ccompress&amp;w=1280\",\"contentUrl\":\"https:\/\/images.unsplash.com\/photo-1742982372375-b90e36e7e451?ixid=M3w0MzUxNjF8MHwxfHNlYXJjaHw0fHxqdW5rJTIwY2Fyc3xlbnwwfHx8fDE3NTE5OTkzNjZ8MA&amp;ixlib=rb-4.1.0&amp;orientation=landscape?fit=crop&amp;crop=entropy%2Cfaces&amp;auto=format%2Ccompress&amp;w=1280\"},{\"@type\":\"BreadcrumbList\",\"@id\":\"https:\/\/barrosojunkcars.com\/#breadcrumb\",\"itemListElement\":[{\"@type\":\"ListItem\",\"position\":1,\"name\":\"In\u00edcio\",\"item\":\"https:\/\/barrosojunkcars.com\/\"},{\"@type\":\"ListItem\",\"position\":2,\"name\":\"P\u00e1gina Inicial\"}]},{\"@type\":\"WebSite\",\"@id\":\"https:\/\/barrosojunkcars.com\/#website\",\"url\":\"https:\/\/barrosojunkcars.com\/\",\"name\":\"Barroso Junk Cars\",\"description\":\"Old Car Removal and Used Car Sales with Trust and Speed in Massachusetts\",\"publisher\":{\"@id\":\"https:\/\/barrosojunkcars.com\/#organization\"},\"potentialAction\":[{\"@type\":\"SearchAction\",\"target\":{\"@type\":\"EntryPoint\",\"urlTemplate\":\"https:\/\/barrosojunkcars.com\/?s={search_term_string}\"},\"query-input\":{\"@type\":\"PropertyValueSpecification\",\"valueRequired\":true,\"valueName\":\"search_term_string\"}}],\"inLanguage\":\"pt-BR\"},{\"@type\":\"Organization\",\"@id\":\"https:\/\/barrosojunkcars.com\/#organization\",\"name\":\"Barroso Junk Cars\",\"url\":\"https:\/\/barrosojunkcars.com\/\",\"logo\":{\"@type\":\"ImageObject\",\"inLanguage\":\"pt-BR\",\"@id\":\"https:\/\/barrosojunkcars.com\/#\/schema\/logo\/image\/\",\"url\":\"https:\/\/barrosojunkcars.com\/wp-content\/uploads\/2025\/07\/Barroso-Junk-Cars.png\",\"contentUrl\":\"https:\/\/barrosojunkcars.com\/wp-content\/uploads\/2025\/07\/Barroso-Junk-Cars.png\",\"width\":1120,\"height\":1120,\"caption\":\"Barroso Junk Cars\"},\"image\":{\"@id\":\"https:\/\/barrosojunkcars.com\/#\/schema\/logo\/image\/\"},\"sameAs\":[\"https:\/\/www.facebook.com\/barrosocars12355\",\"https:\/\/www.instagram.com\/familiabarroso.usa\/\"]}]}<\/script>\n<!-- \/ Yoast SEO plugin. -->","yoast_head_json":{"title":"P\u00e1gina Inicial - Barroso Junk Cars","robots":{"index":"index","follow":"follow","max-snippet":"max-snippet:-1","max-image-preview":"max-image-preview:large","max-video-preview":"max-video-preview:-1"},"canonical":"https:\/\/barrosojunkcars.com\/pt\/","og_locale":"pt_BR","og_type":"article","og_title":"P\u00e1gina Inicial - Barroso Junk Cars","og_description":"Turn your old car into cash today \u2014 or drive off in a dependable used vehicle you can trust! &#x1f697; Everything You Need to Take Care of Your Car \u2014 All in One Place! Fast removal of old cars, affordable insurance options, and used car sales with up-to-date documentation.Click below and explore all our services! [&hellip;]","og_url":"https:\/\/barrosojunkcars.com\/pt\/","og_site_name":"Barroso Junk Cars","article_publisher":"https:\/\/www.facebook.com\/barrosocars12355","article_modified_time":"2025-07-22T01:16:39+00:00","og_image":[{"url":"https:\/\/images.unsplash.com\/photo-1742982372375-b90e36e7e451?ixid=M3w0MzUxNjF8MHwxfHNlYXJjaHw0fHxqdW5rJTIwY2Fyc3xlbnwwfHx8fDE3NTE5OTkzNjZ8MA&amp;ixlib=rb-4.1.0&amp;orientation=landscape?fit=crop&amp;crop=entropy%2Cfaces&amp;auto=format%2Ccompress&amp;w=1280","type":"","width":"","height":""}],"twitter_card":"summary_large_image","schema":{"@context":"https:\/\/schema.org","@graph":[{"@type":"WebPage","@id":"https:\/\/barrosojunkcars.com\/","url":"https:\/\/barrosojunkcars.com\/","name":"P\u00e1gina Inicial - Barroso Junk Cars","isPartOf":{"@id":"https:\/\/barrosojunkcars.com\/#website"},"primaryImageOfPage":{"@id":"https:\/\/barrosojunkcars.com\/#primaryimage"},"image":{"@id":"https:\/\/barrosojunkcars.com\/#primaryimage"},"thumbnailUrl":"https:\/\/images.unsplash.com\/photo-1742982372375-b90e36e7e451?ixid=M3w0MzUxNjF8MHwxfHNlYXJjaHw0fHxqdW5rJTIwY2Fyc3xlbnwwfHx8fDE3NTE5OTkzNjZ8MA&amp;ixlib=rb-4.1.0&amp;orientation=landscape?fit=crop&amp;crop=entropy%2Cfaces&amp;auto=format%2Ccompress&amp;w=1280","datePublished":"2025-07-08T18:40:39+00:00","dateModified":"2025-07-22T01:16:39+00:00","breadcrumb":{"@id":"https:\/\/barrosojunkcars.com\/#breadcrumb"},"inLanguage":"pt-BR","potentialAction":[{"@type":"ReadAction","target":["https:\/\/barrosojunkcars.com\/"]}]},{"@type":"ImageObject","inLanguage":"pt-BR","@id":"https:\/\/barrosojunkcars.com\/#primaryimage","url":"https:\/\/images.unsplash.com\/photo-1742982372375-b90e36e7e451?ixid=M3w0MzUxNjF8MHwxfHNlYXJjaHw0fHxqdW5rJTIwY2Fyc3xlbnwwfHx8fDE3NTE5OTkzNjZ8MA&amp;ixlib=rb-4.1.0&amp;orientation=landscape?fit=crop&amp;crop=entropy%2Cfaces&amp;auto=format%2Ccompress&amp;w=1280","contentUrl":"https:\/\/images.unsplash.com\/photo-1742982372375-b90e36e7e451?ixid=M3w0MzUxNjF8MHwxfHNlYXJjaHw0fHxqdW5rJTIwY2Fyc3xlbnwwfHx8fDE3NTE5OTkzNjZ8MA&amp;ixlib=rb-4.1.0&amp;orientation=landscape?fit=crop&amp;crop=entropy%2Cfaces&amp;auto=format%2Ccompress&amp;w=1280"},{"@type":"BreadcrumbList","@id":"https:\/\/barrosojunkcars.com\/#breadcrumb","itemListElement":[{"@type":"ListItem","position":1,"name":"In\u00edcio","item":"https:\/\/barrosojunkcars.com\/"},{"@type":"ListItem","position":2,"name":"P\u00e1gina Inicial"}]},{"@type":"WebSite","@id":"https:\/\/barrosojunkcars.com\/#website","url":"https:\/\/barrosojunkcars.com\/","name":"Barroso Junk Cars","description":"Old Car Removal and Used Car Sales with Trust and Speed in Massachusetts","publisher":{"@id":"https:\/\/barrosojunkcars.com\/#organization"},"potentialAction":[{"@type":"SearchAction","target":{"@type":"EntryPoint","urlTemplate":"https:\/\/barrosojunkcars.com\/?s={search_term_string}"},"query-input":{"@type":"PropertyValueSpecification","valueRequired":true,"valueName":"search_term_string"}}],"inLanguage":"pt-BR"},{"@type":"Organization","@id":"https:\/\/barrosojunkcars.com\/#organization","name":"Barroso Junk Cars","url":"https:\/\/barrosojunkcars.com\/","logo":{"@type":"ImageObject","inLanguage":"pt-BR","@id":"https:\/\/barrosojunkcars.com\/#\/schema\/logo\/image\/","url":"https:\/\/barrosojunkcars.com\/wp-content\/uploads\/2025\/07\/Barroso-Junk-Cars.png","contentUrl":"https:\/\/barrosojunkcars.com\/wp-content\/uploads\/2025\/07\/Barroso-Junk-Cars.png","width":1120,"height":1120,"caption":"Barroso Junk Cars"},"image":{"@id":"https:\/\/barrosojunkcars.com\/#\/schema\/logo\/image\/"},"sameAs":["https:\/\/www.facebook.com\/barrosocars12355","https:\/\/www.instagram.com\/familiabarroso.usa\/"]}]}},"jetpack_sharing_enabled":true,"_links":{"self":[{"href":"https:\/\/barrosojunkcars.com\/pt\/wp-json\/wp\/v2\/pages\/18","targetHints":{"allow":["GET"]}}],"collection":[{"href":"https:\/\/barrosojunkcars.com\/pt\/wp-json\/wp\/v2\/pages"}],"about":[{"href":"https:\/\/barrosojunkcars.com\/pt\/wp-json\/wp\/v2\/types\/page"}],"author":[{"embeddable":true,"href":"https:\/\/barrosojunkcars.com\/pt\/wp-json\/wp\/v2\/users\/1"}],"replies":[{"embeddable":true,"href":"https:\/\/barrosojunkcars.com\/pt\/wp-json\/wp\/v2\/comments?post=18"}],"version-history":[{"count":18,"href":"https:\/\/barrosojunkcars.com\/pt\/wp-json\/wp\/v2\/pages\/18\/revisions"}],"predecessor-version":[{"id":247,"href":"https:\/\/barrosojunkcars.com\/pt\/wp-json\/wp\/v2\/pages\/18\/revisions\/247"}],"wp:attachment":[{"href":"https:\/\/barrosojunkcars.com\/pt\/wp-json\/wp\/v2\/media?parent=18"}],"curies":[{"name":"wp","href":"https:\/\/api.w.org\/{rel}","templated":true}]}}