{"id":17,"date":"2025-07-08T18:40:38","date_gmt":"2025-07-08T18:40:38","guid":{"rendered":"https:\/\/barrosojunkcars.com\/sobre\/"},"modified":"2025-07-21T16:26:20","modified_gmt":"2025-07-21T16:26:20","slug":"sobre","status":"publish","type":"page","link":"https:\/\/barrosojunkcars.com\/pt\/sobre\/","title":{"rendered":"Sobre"},"content":{"rendered":"<div class=\"wp-block-cover alignfull extendify-image-import has-aspect-ratio\" style=\"margin-top:0;margin-bottom:0;padding-top:var(--wp--preset--spacing--50);padding-bottom:var(--wp--preset--spacing--50);aspect-ratio:auto;min-height:unset;\"><img decoding=\"async\" class=\"wp-block-cover__image-background\" alt=\"\" src=\"https:\/\/images.unsplash.com\/photo-1742982372375-b90e36e7e451?ixid=M3w0MzUxNjF8MHwxfHNlYXJjaHw0fHxqdW5rJTIwY2Fyc3xlbnwwfHx8fDE3NTE5OTkzNjZ8MA&amp;ixlib=rb-4.1.0&amp;orientation=landscape?fit=crop&amp;crop=entropy%2Cfaces&amp;auto=format%2Ccompress&amp;w=1280\" data-object-fit=\"cover\"\/><span aria-hidden=\"true\" class=\"wp-block-cover__background has-background-dim-80 has-background-dim\" style=\"background-color:#050505\"><\/span><div class=\"wp-block-cover__inner-container has-global-padding is-layout-constrained wp-block-cover-is-layout-constrained\">\n<div class=\"wp-block-group alignwide is-nowrap is-layout-flex wp-container-core-group-is-layout-6c531013 wp-block-group-is-layout-flex\">\n<h1 class=\"wp-block-heading alignwide has-text-color has-link-color wp-elements-51c5ee8492dbabcfc5ee79cc0883f59e\" style=\"color:#fefefe;font-size:clamp(1.188rem, 1.188rem + ((1vw - 0.2rem) * 1.153), 1.88rem);\">Sobre<\/h1>\n<\/div>\n<\/div><\/div>\n\n\n\n<div class=\"wp-block-group alignfull has-background-background-color has-background has-global-padding is-layout-constrained wp-container-core-group-is-layout-7d1597ee wp-block-group-is-layout-constrained\" id=\"sobre\" style=\"border-top-width:1px;margin-top:0;margin-bottom:0;padding-top:var(--wp--preset--spacing--60);padding-right:0;padding-bottom:var(--wp--preset--spacing--60);padding-left:0\">\n<div class=\"wp-block-columns alignwide is-layout-flex wp-container-core-columns-is-layout-d0bbbce0 wp-block-columns-is-layout-flex\">\n<div class=\"wp-block-column is-layout-flow wp-block-column-is-layout-flow\">\n<div class=\"wp-block-group is-vertical is-layout-flex wp-container-core-group-is-layout-10998a1c wp-block-group-is-layout-flex\" style=\"padding-top:var(--wp--preset--spacing--60);padding-bottom:var(--wp--preset--spacing--60)\">\n<h4 class=\"wp-block-heading\"><strong>Remo\u00e7\u00e3o de ve\u00edculos antigos, venda de ve\u00edculos usados e servi\u00e7os de seguro em Massachusetts \u2014 r\u00e1pidos, confi\u00e1veis e completos.<\/strong><\/h4>\n\n\n\n<p style=\"margin-top:16px\">Com ampla experi\u00eancia em Massachusetts, a Barroso Junk Cars oferece servi\u00e7os completos, incluindo remo\u00e7\u00e3o de ve\u00edculos antigos, venda de carros usados e seguros automotivos. Nosso compromisso \u00e9 garantir rapidez, seguran\u00e7a e transpar\u00eancia em cada atendimento, facilitando para voc\u00ea vender, descartar ou proteger seu ve\u00edculo. Conte com a gente para um servi\u00e7o confi\u00e1vel e sem complica\u00e7\u00f5es!<\/p>\n<\/div>\n<\/div>\n\n\n\n<div class=\"wp-block-column is-layout-flow wp-block-column-is-layout-flow\">\n<figure class=\"wp-block-image extendify-image-import\"><img decoding=\"async\" src=\"https:\/\/images.unsplash.com\/photo-1719242513425-f5eed99b282f?ixid=M3w0MzUxNjF8MHwxfHNlYXJjaHw4fHxqdW5rJTIwY2Fyc3xlbnwwfHx8fDE3NTE5OTkzNjZ8MA&amp;ixlib=rb-4.1.0&amp;orientation=landscape?fit=crop&amp;crop=entropy%2Cfaces&amp;auto=format%2Ccompress&amp;w=1280\" alt=\"\" style=\"aspect-ratio:4\/3;object-fit:cover\"\/><\/figure>\n<\/div>\n<\/div>\n<\/div>\n\n\n\n<div class=\"wp-block-group alignfull has-tertiary-background-color has-background has-global-padding is-layout-constrained wp-container-core-group-is-layout-d8cf6864 wp-block-group-is-layout-constrained\" id=\"equipe\" style=\"border-top-width:1px;margin-top:0;margin-bottom:0;padding-top:var(--wp--preset--spacing--70);padding-right:0;padding-bottom:var(--wp--preset--spacing--70);padding-left:0\">\n<div class=\"wp-block-group alignwide is-vertical is-layout-flex wp-container-core-group-is-layout-fe9cc265 wp-block-group-is-layout-flex\">\n<div class=\"wp-block-group has-global-padding is-layout-constrained wp-block-group-is-layout-constrained\">\n<h2 class=\"wp-block-heading alignwide\"><strong>Seu parceiro de confian\u00e7a para remo\u00e7\u00e3o de ve\u00edculos antigos, venda de carros usados e seguro automotivo.<\/strong><\/h2>\n<\/div>\n<\/div>\n\n\n\n<div class=\"wp-block-columns alignwide is-layout-flex wp-container-core-columns-is-layout-3fb004a6 wp-block-columns-is-layout-flex\" style=\"padding-top:0;padding-right:0;padding-bottom:0;padding-left:0\">\n<div class=\"wp-block-column is-layout-flow wp-block-column-is-layout-flow\">\n<figure class=\"wp-block-image size-large is-style-default extendify-image-import\"><img loading=\"lazy\" decoding=\"async\" width=\"768\" height=\"1024\" src=\"https:\/\/barrosojunkcars.com\/wp-content\/uploads\/2025\/07\/WhatsApp-Image-2025-07-21-at-12.58.07-768x1024.jpeg\" alt=\"\" class=\"wp-image-147\" style=\"aspect-ratio:4\/3;object-fit:cover\" srcset=\"https:\/\/barrosojunkcars.com\/wp-content\/uploads\/2025\/07\/WhatsApp-Image-2025-07-21-at-12.58.07-768x1024.jpeg 768w, https:\/\/barrosojunkcars.com\/wp-content\/uploads\/2025\/07\/WhatsApp-Image-2025-07-21-at-12.58.07-225x300.jpeg 225w, https:\/\/barrosojunkcars.com\/wp-content\/uploads\/2025\/07\/WhatsApp-Image-2025-07-21-at-12.58.07-9x12.jpeg 9w, https:\/\/barrosojunkcars.com\/wp-content\/uploads\/2025\/07\/WhatsApp-Image-2025-07-21-at-12.58.07.jpeg 960w\" sizes=\"auto, (max-width: 768px) 100vw, 768px\" \/><\/figure>\n<\/div>\n\n\n\n<div class=\"wp-block-column is-layout-flow wp-block-column-is-layout-flow\">\n<h6 class=\"wp-block-heading\" style=\"margin-top:20px;font-size:clamp(14px, 0.875rem + ((1vw - 3.2px) * 0.625), 20px);\">Erdiley barroso<\/h6>\n\n\n\n<p class=\"has-primary-color has-text-color has-small-font-size\" style=\"margin-top:4px\"><strong>Fundador e Diretor<\/strong><\/p>\n\n\n\n<p class=\"has-small-font-size\" style=\"margin-top:12px\">Ediley Barroso chegou a Massachusetts em 2021 e, desde ent\u00e3o, acumulou mais de tr\u00eas anos de experi\u00eancia no setor automotivo. Com uma grande paix\u00e3o por carros e um forte compromisso com um atendimento de excel\u00eancia, Barroso fundou a Barroso Junk Cars para oferecer solu\u00e7\u00f5es r\u00e1pidas, transparentes e sem complica\u00e7\u00f5es na remo\u00e7\u00e3o de ve\u00edculos velhos e na venda de carros usados.<\/p>\n\n\n\n<p class=\"has-small-font-size\" style=\"margin-top:12px\">Sob sua lideran\u00e7a, a Barroso Junk Cars se tornou uma refer\u00eancia confi\u00e1vel em todo o estado de Massachusetts, reconhecida pelo atendimento personalizado, pela confiabilidade e pelo forte compromisso com a sustentabilidade. A miss\u00e3o de Barroso \u00e9 simplificar a remo\u00e7\u00e3o de ve\u00edculos e a compra de carros usados, tornando esse processo acess\u00edvel e transformando carros antigos em oportunidades valiosas para os clientes e para a comunidade.<\/p>\n<\/div>\n<\/div>\n<\/div>\n\n\n\n<div class=\"wp-block-group alignfull has-background-background-color has-background has-global-padding is-layout-constrained wp-container-core-group-is-layout-b8f1cce0 wp-block-group-is-layout-constrained\" id=\"depoimentos\" style=\"border-top-width:1px;margin-top:0;margin-bottom:0;padding-top:0;padding-right:var(--wp--preset--spacing--30);padding-bottom:0;padding-left:var(--wp--preset--spacing--30)\"><\/div>","protected":false},"excerpt":{"rendered":"<p>Old vehicle removal, used vehicle sales, and insurance services in Massachusetts \u2014 fast, reliable, and comprehensive. With extensive experience in Massachusetts, Barroso Junk Cars offers comprehensive services including old vehicle removal, used car sales, and auto insurance. Our commitment is to ensure speed, safety, and transparency in every interaction, making it easy for you to [&hellip;]<\/p>\n","protected":false},"author":1,"featured_media":0,"parent":0,"menu_order":0,"comment_status":"closed","ping_status":"closed","template":"no-title","meta":{"_joinchat":[],"footnotes":""},"class_list":["post-17","page","type-page","status-publish","hentry"],"yoast_head":"<!-- This site is optimized with the Yoast SEO plugin v27.2 - https:\/\/yoast.com\/product\/yoast-seo-wordpress\/ -->\n<title>Sobre - Barroso Junk Cars<\/title>\n<meta name=\"robots\" content=\"index, follow, max-snippet:-1, max-image-preview:large, max-video-preview:-1\" \/>\n<link rel=\"canonical\" href=\"https:\/\/barrosojunkcars.com\/pt\/sobre\/\" \/>\n<meta property=\"og:locale\" content=\"pt_BR\" \/>\n<meta property=\"og:type\" content=\"article\" \/>\n<meta property=\"og:title\" content=\"Sobre - Barroso Junk Cars\" \/>\n<meta property=\"og:description\" content=\"Old vehicle removal, used vehicle sales, and insurance services in Massachusetts \u2014 fast, reliable, and comprehensive. With extensive experience in Massachusetts, Barroso Junk Cars offers comprehensive services including old vehicle removal, used car sales, and auto insurance. Our commitment is to ensure speed, safety, and transparency in every interaction, making it easy for you to [&hellip;]\" \/>\n<meta property=\"og:url\" content=\"https:\/\/barrosojunkcars.com\/pt\/sobre\/\" \/>\n<meta property=\"og:site_name\" content=\"Barroso Junk Cars\" \/>\n<meta property=\"article:publisher\" content=\"https:\/\/www.facebook.com\/barrosocars12355\" \/>\n<meta property=\"article:modified_time\" content=\"2025-07-21T16:26:20+00:00\" \/>\n<meta property=\"og:image\" content=\"https:\/\/images.unsplash.com\/photo-1742982372375-b90e36e7e451?ixid=M3w0MzUxNjF8MHwxfHNlYXJjaHw0fHxqdW5rJTIwY2Fyc3xlbnwwfHx8fDE3NTE5OTkzNjZ8MA&amp;ixlib=rb-4.1.0&amp;orientation=landscape?fit=crop&amp;crop=entropy%2Cfaces&amp;auto=format%2Ccompress&amp;w=1280\" \/>\n<meta name=\"twitter:card\" content=\"summary_large_image\" \/>\n<meta name=\"twitter:label1\" content=\"Est. tempo de leitura\" \/>\n\t<meta name=\"twitter:data1\" content=\"2 minutos\" \/>\n<script type=\"application\/ld+json\" class=\"yoast-schema-graph\">{\"@context\":\"https:\/\/schema.org\",\"@graph\":[{\"@type\":\"WebPage\",\"@id\":\"https:\/\/barrosojunkcars.com\/sobre\/\",\"url\":\"https:\/\/barrosojunkcars.com\/sobre\/\",\"name\":\"Sobre - Barroso Junk Cars\",\"isPartOf\":{\"@id\":\"https:\/\/barrosojunkcars.com\/#website\"},\"primaryImageOfPage\":{\"@id\":\"https:\/\/barrosojunkcars.com\/sobre\/#primaryimage\"},\"image\":{\"@id\":\"https:\/\/barrosojunkcars.com\/sobre\/#primaryimage\"},\"thumbnailUrl\":\"https:\/\/images.unsplash.com\/photo-1742982372375-b90e36e7e451?ixid=M3w0MzUxNjF8MHwxfHNlYXJjaHw0fHxqdW5rJTIwY2Fyc3xlbnwwfHx8fDE3NTE5OTkzNjZ8MA&amp;ixlib=rb-4.1.0&amp;orientation=landscape?fit=crop&amp;crop=entropy%2Cfaces&amp;auto=format%2Ccompress&amp;w=1280\",\"datePublished\":\"2025-07-08T18:40:38+00:00\",\"dateModified\":\"2025-07-21T16:26:20+00:00\",\"breadcrumb\":{\"@id\":\"https:\/\/barrosojunkcars.com\/sobre\/#breadcrumb\"},\"inLanguage\":\"pt-BR\",\"potentialAction\":[{\"@type\":\"ReadAction\",\"target\":[\"https:\/\/barrosojunkcars.com\/sobre\/\"]}]},{\"@type\":\"ImageObject\",\"inLanguage\":\"pt-BR\",\"@id\":\"https:\/\/barrosojunkcars.com\/sobre\/#primaryimage\",\"url\":\"https:\/\/images.unsplash.com\/photo-1742982372375-b90e36e7e451?ixid=M3w0MzUxNjF8MHwxfHNlYXJjaHw0fHxqdW5rJTIwY2Fyc3xlbnwwfHx8fDE3NTE5OTkzNjZ8MA&amp;ixlib=rb-4.1.0&amp;orientation=landscape?fit=crop&amp;crop=entropy%2Cfaces&amp;auto=format%2Ccompress&amp;w=1280\",\"contentUrl\":\"https:\/\/images.unsplash.com\/photo-1742982372375-b90e36e7e451?ixid=M3w0MzUxNjF8MHwxfHNlYXJjaHw0fHxqdW5rJTIwY2Fyc3xlbnwwfHx8fDE3NTE5OTkzNjZ8MA&amp;ixlib=rb-4.1.0&amp;orientation=landscape?fit=crop&amp;crop=entropy%2Cfaces&amp;auto=format%2Ccompress&amp;w=1280\"},{\"@type\":\"BreadcrumbList\",\"@id\":\"https:\/\/barrosojunkcars.com\/sobre\/#breadcrumb\",\"itemListElement\":[{\"@type\":\"ListItem\",\"position\":1,\"name\":\"In\u00edcio\",\"item\":\"https:\/\/barrosojunkcars.com\/\"},{\"@type\":\"ListItem\",\"position\":2,\"name\":\"Sobre\"}]},{\"@type\":\"WebSite\",\"@id\":\"https:\/\/barrosojunkcars.com\/#website\",\"url\":\"https:\/\/barrosojunkcars.com\/\",\"name\":\"Barroso Junk Cars\",\"description\":\"Old Car Removal and Used Car Sales with Trust and Speed in Massachusetts\",\"publisher\":{\"@id\":\"https:\/\/barrosojunkcars.com\/#organization\"},\"potentialAction\":[{\"@type\":\"SearchAction\",\"target\":{\"@type\":\"EntryPoint\",\"urlTemplate\":\"https:\/\/barrosojunkcars.com\/?s={search_term_string}\"},\"query-input\":{\"@type\":\"PropertyValueSpecification\",\"valueRequired\":true,\"valueName\":\"search_term_string\"}}],\"inLanguage\":\"pt-BR\"},{\"@type\":\"Organization\",\"@id\":\"https:\/\/barrosojunkcars.com\/#organization\",\"name\":\"Barroso Junk Cars\",\"url\":\"https:\/\/barrosojunkcars.com\/\",\"logo\":{\"@type\":\"ImageObject\",\"inLanguage\":\"pt-BR\",\"@id\":\"https:\/\/barrosojunkcars.com\/#\/schema\/logo\/image\/\",\"url\":\"https:\/\/barrosojunkcars.com\/wp-content\/uploads\/2025\/07\/Barroso-Junk-Cars.png\",\"contentUrl\":\"https:\/\/barrosojunkcars.com\/wp-content\/uploads\/2025\/07\/Barroso-Junk-Cars.png\",\"width\":1120,\"height\":1120,\"caption\":\"Barroso Junk Cars\"},\"image\":{\"@id\":\"https:\/\/barrosojunkcars.com\/#\/schema\/logo\/image\/\"},\"sameAs\":[\"https:\/\/www.facebook.com\/barrosocars12355\",\"https:\/\/www.instagram.com\/familiabarroso.usa\/\"]}]}<\/script>\n<!-- \/ Yoast SEO plugin. -->","yoast_head_json":{"title":"Sobre - Barroso Junk Cars","robots":{"index":"index","follow":"follow","max-snippet":"max-snippet:-1","max-image-preview":"max-image-preview:large","max-video-preview":"max-video-preview:-1"},"canonical":"https:\/\/barrosojunkcars.com\/pt\/sobre\/","og_locale":"pt_BR","og_type":"article","og_title":"Sobre - Barroso Junk Cars","og_description":"Old vehicle removal, used vehicle sales, and insurance services in Massachusetts \u2014 fast, reliable, and comprehensive. With extensive experience in Massachusetts, Barroso Junk Cars offers comprehensive services including old vehicle removal, used car sales, and auto insurance. Our commitment is to ensure speed, safety, and transparency in every interaction, making it easy for you to [&hellip;]","og_url":"https:\/\/barrosojunkcars.com\/pt\/sobre\/","og_site_name":"Barroso Junk Cars","article_publisher":"https:\/\/www.facebook.com\/barrosocars12355","article_modified_time":"2025-07-21T16:26:20+00:00","og_image":[{"url":"https:\/\/images.unsplash.com\/photo-1742982372375-b90e36e7e451?ixid=M3w0MzUxNjF8MHwxfHNlYXJjaHw0fHxqdW5rJTIwY2Fyc3xlbnwwfHx8fDE3NTE5OTkzNjZ8MA&amp;ixlib=rb-4.1.0&amp;orientation=landscape?fit=crop&amp;crop=entropy%2Cfaces&amp;auto=format%2Ccompress&amp;w=1280","type":"","width":"","height":""}],"twitter_card":"summary_large_image","twitter_misc":{"Est. tempo de leitura":"2 minutos"},"schema":{"@context":"https:\/\/schema.org","@graph":[{"@type":"WebPage","@id":"https:\/\/barrosojunkcars.com\/sobre\/","url":"https:\/\/barrosojunkcars.com\/sobre\/","name":"Sobre - Barroso Junk Cars","isPartOf":{"@id":"https:\/\/barrosojunkcars.com\/#website"},"primaryImageOfPage":{"@id":"https:\/\/barrosojunkcars.com\/sobre\/#primaryimage"},"image":{"@id":"https:\/\/barrosojunkcars.com\/sobre\/#primaryimage"},"thumbnailUrl":"https:\/\/images.unsplash.com\/photo-1742982372375-b90e36e7e451?ixid=M3w0MzUxNjF8MHwxfHNlYXJjaHw0fHxqdW5rJTIwY2Fyc3xlbnwwfHx8fDE3NTE5OTkzNjZ8MA&amp;ixlib=rb-4.1.0&amp;orientation=landscape?fit=crop&amp;crop=entropy%2Cfaces&amp;auto=format%2Ccompress&amp;w=1280","datePublished":"2025-07-08T18:40:38+00:00","dateModified":"2025-07-21T16:26:20+00:00","breadcrumb":{"@id":"https:\/\/barrosojunkcars.com\/sobre\/#breadcrumb"},"inLanguage":"pt-BR","potentialAction":[{"@type":"ReadAction","target":["https:\/\/barrosojunkcars.com\/sobre\/"]}]},{"@type":"ImageObject","inLanguage":"pt-BR","@id":"https:\/\/barrosojunkcars.com\/sobre\/#primaryimage","url":"https:\/\/images.unsplash.com\/photo-1742982372375-b90e36e7e451?ixid=M3w0MzUxNjF8MHwxfHNlYXJjaHw0fHxqdW5rJTIwY2Fyc3xlbnwwfHx8fDE3NTE5OTkzNjZ8MA&amp;ixlib=rb-4.1.0&amp;orientation=landscape?fit=crop&amp;crop=entropy%2Cfaces&amp;auto=format%2Ccompress&amp;w=1280","contentUrl":"https:\/\/images.unsplash.com\/photo-1742982372375-b90e36e7e451?ixid=M3w0MzUxNjF8MHwxfHNlYXJjaHw0fHxqdW5rJTIwY2Fyc3xlbnwwfHx8fDE3NTE5OTkzNjZ8MA&amp;ixlib=rb-4.1.0&amp;orientation=landscape?fit=crop&amp;crop=entropy%2Cfaces&amp;auto=format%2Ccompress&amp;w=1280"},{"@type":"BreadcrumbList","@id":"https:\/\/barrosojunkcars.com\/sobre\/#breadcrumb","itemListElement":[{"@type":"ListItem","position":1,"name":"In\u00edcio","item":"https:\/\/barrosojunkcars.com\/"},{"@type":"ListItem","position":2,"name":"Sobre"}]},{"@type":"WebSite","@id":"https:\/\/barrosojunkcars.com\/#website","url":"https:\/\/barrosojunkcars.com\/","name":"Barroso Junk Cars","description":"Old Car Removal and Used Car Sales with Trust and Speed in Massachusetts","publisher":{"@id":"https:\/\/barrosojunkcars.com\/#organization"},"potentialAction":[{"@type":"SearchAction","target":{"@type":"EntryPoint","urlTemplate":"https:\/\/barrosojunkcars.com\/?s={search_term_string}"},"query-input":{"@type":"PropertyValueSpecification","valueRequired":true,"valueName":"search_term_string"}}],"inLanguage":"pt-BR"},{"@type":"Organization","@id":"https:\/\/barrosojunkcars.com\/#organization","name":"Barroso Junk Cars","url":"https:\/\/barrosojunkcars.com\/","logo":{"@type":"ImageObject","inLanguage":"pt-BR","@id":"https:\/\/barrosojunkcars.com\/#\/schema\/logo\/image\/","url":"https:\/\/barrosojunkcars.com\/wp-content\/uploads\/2025\/07\/Barroso-Junk-Cars.png","contentUrl":"https:\/\/barrosojunkcars.com\/wp-content\/uploads\/2025\/07\/Barroso-Junk-Cars.png","width":1120,"height":1120,"caption":"Barroso Junk Cars"},"image":{"@id":"https:\/\/barrosojunkcars.com\/#\/schema\/logo\/image\/"},"sameAs":["https:\/\/www.facebook.com\/barrosocars12355","https:\/\/www.instagram.com\/familiabarroso.usa\/"]}]}},"jetpack_sharing_enabled":true,"_links":{"self":[{"href":"https:\/\/barrosojunkcars.com\/pt\/wp-json\/wp\/v2\/pages\/17","targetHints":{"allow":["GET"]}}],"collection":[{"href":"https:\/\/barrosojunkcars.com\/pt\/wp-json\/wp\/v2\/pages"}],"about":[{"href":"https:\/\/barrosojunkcars.com\/pt\/wp-json\/wp\/v2\/types\/page"}],"author":[{"embeddable":true,"href":"https:\/\/barrosojunkcars.com\/pt\/wp-json\/wp\/v2\/users\/1"}],"replies":[{"embeddable":true,"href":"https:\/\/barrosojunkcars.com\/pt\/wp-json\/wp\/v2\/comments?post=17"}],"version-history":[{"count":7,"href":"https:\/\/barrosojunkcars.com\/pt\/wp-json\/wp\/v2\/pages\/17\/revisions"}],"predecessor-version":[{"id":149,"href":"https:\/\/barrosojunkcars.com\/pt\/wp-json\/wp\/v2\/pages\/17\/revisions\/149"}],"wp:attachment":[{"href":"https:\/\/barrosojunkcars.com\/pt\/wp-json\/wp\/v2\/media?parent=17"}],"curies":[{"name":"wp","href":"https:\/\/api.w.org\/{rel}","templated":true}]}}