{"id":15,"date":"2025-07-08T18:40:37","date_gmt":"2025-07-08T18:40:37","guid":{"rendered":"https:\/\/barrosojunkcars.com\/depoimentos\/"},"modified":"2025-07-21T16:00:02","modified_gmt":"2025-07-21T16:00:02","slug":"depoimentos","status":"publish","type":"page","link":"https:\/\/barrosojunkcars.com\/pt\/depoimentos\/","title":{"rendered":"Depoimentos"},"content":{"rendered":"<div class=\"wp-block-cover alignfull extendify-image-import has-aspect-ratio\" style=\"margin-top:0;margin-bottom:0;padding-top:var(--wp--preset--spacing--50);padding-bottom:var(--wp--preset--spacing--50);aspect-ratio:auto;min-height:unset;\"><img decoding=\"async\" class=\"wp-block-cover__image-background\" alt=\"\" src=\"https:\/\/images.unsplash.com\/photo-1645216755684-c946ce202427?ixid=M3w0MzUxNjF8MHwxfHNlYXJjaHwxNHx8c2NyYXAlMjB2ZWhpY2xlc3xlbnwwfHx8fDE3NTE5OTk3OTN8MA&amp;ixlib=rb-4.1.0&amp;orientation=landscape?fit=crop&amp;crop=entropy%2Cfaces&amp;auto=format%2Ccompress&amp;w=1280\" data-object-fit=\"cover\"\/><span aria-hidden=\"true\" class=\"wp-block-cover__background has-background-dim-80 has-background-dim\" style=\"background-color:#050505\"><\/span><div class=\"wp-block-cover__inner-container has-global-padding is-layout-constrained wp-block-cover-is-layout-constrained\">\n<div class=\"wp-block-group alignwide is-nowrap is-layout-flex wp-container-core-group-is-layout-6c531013 wp-block-group-is-layout-flex\">\n<h1 class=\"wp-block-heading alignwide has-text-color has-link-color wp-elements-446a21dc7308987fc21a194bdce94e2d\" style=\"color:#fefefe;font-size:clamp(1.188rem, 1.188rem + ((1vw - 0.2rem) * 1.153), 1.88rem);\">Depoimentos<\/h1>\n<\/div>\n<\/div><\/div>\n\n\n\n<div class=\"wp-block-group alignfull has-background-background-color has-background has-global-padding is-layout-constrained wp-container-core-group-is-layout-b8f1cce0 wp-block-group-is-layout-constrained\" id=\"depoimentos\" style=\"border-top-width:1px;margin-top:0;margin-bottom:0;padding-top:0;padding-right:var(--wp--preset--spacing--30);padding-bottom:0;padding-left:var(--wp--preset--spacing--30)\">\n<div class=\"wp-block-group alignwide is-layout-flow wp-block-group-is-layout-flow\" style=\"padding-top:var(--wp--preset--spacing--60);padding-bottom:var(--wp--preset--spacing--60)\">\n<p class=\"has-text-align-center has-large-font-size\" style=\"font-style:normal;font-weight:500;line-height:1.3\">\u201cBarroso Junk Cars tornou a remo\u00e7\u00e3o do meu carro antigo r\u00e1pida e profissional.\u201d<\/p>\n\n\n\n<div class=\"wp-block-group has-global-padding is-layout-constrained wp-container-core-group-is-layout-03abb0ef wp-block-group-is-layout-constrained\">\n<figure class=\"wp-block-image aligncenter is-style-rounded extendify-image-import\"><img decoding=\"async\" src=\"https:\/\/images.unsplash.com\/photo-1552374196-c4e7ffc6e126?fit=crop&amp;crop=entropy%2Cfaces&amp;auto=format%2Ccompress&amp;w=1280\" alt=\"\" style=\"aspect-ratio:1;object-fit:cover\"\/><\/figure>\n<\/div>\n\n\n\n<h4 class=\"wp-block-heading has-text-align-center\" style=\"margin-top:18px;font-size:clamp(14px, 0.875rem + ((1vw - 3.2px) * 0.417), 18px);\">Mariana Silva<\/h4>\n\n\n\n<p class=\"has-text-align-center has-small-font-size\" style=\"margin-top:4px\">Propriet\u00e1rio do Ve\u00edculo<\/p>\n<\/div>\n<\/div>\n\n\n\n<div class=\"wp-block-group alignfull has-tertiary-background-color has-background has-global-padding is-layout-constrained wp-container-core-group-is-layout-fb85e995 wp-block-group-is-layout-constrained\" style=\"border-top-width:1px;margin-top:0;margin-bottom:0;padding-top:var(--wp--preset--spacing--60);padding-right:var(--wp--preset--spacing--30);padding-bottom:var(--wp--preset--spacing--60);padding-left:var(--wp--preset--spacing--30)\">\n<div class=\"wp-block-group alignwide has-global-padding is-content-justification-center is-layout-constrained wp-block-group-is-layout-constrained\">\n<h2 class=\"wp-block-heading has-text-align-center has-large-font-size\">Depoimentos Verdadeiros dos Clientes da Barroso Junk Cars<\/h2>\n\n\n\n<p class=\"has-text-align-center\" style=\"margin-top:16px\">Aqui, voc\u00ea ver\u00e1 como nossos clientes experimentaram um servi\u00e7o r\u00e1pido e eficiente na remo\u00e7\u00e3o de seus carros antigos, tornando todo o processo simples e sem complica\u00e7\u00f5es.<\/p>\n<\/div>\n\n\n\n<div class=\"wp-block-group alignwide has-global-padding is-layout-constrained wp-block-group-is-layout-constrained\" style=\"border-width:1px\">\n<div class=\"wp-block-media-text alignwide is-stacked-on-mobile is-image-fill-element extendify-image-import\"><figure class=\"wp-block-media-text__media\"><img decoding=\"async\" src=\"https:\/\/images.unsplash.com\/photo-1596075780750-81249df16d19?fit=crop&amp;crop=entropy%2Cfaces&amp;auto=format%2Ccompress&amp;w=1280\" alt=\"\" style=\"object-position:50% 50%\"\/><\/figure><div class=\"wp-block-media-text__content\">\n<div class=\"wp-block-group has-global-padding is-layout-constrained wp-block-group-is-layout-constrained\" style=\"padding-top:var(--wp--preset--spacing--60);padding-bottom:var(--wp--preset--spacing--60)\">\n<h4 class=\"wp-block-heading alignwide has-large-font-size\">Como a Barroso Junk Cars Facilitou a Vida dos Clientes.<\/h4>\n\n\n\n<p style=\"margin-top:16px\">\u201cA Barroso Junk Cars facilitou todo o processo! O atendimento direto e o or\u00e7amento r\u00e1pido e simples me ajudaram a me livrar do meu ve\u00edculo indesejado sem nenhuma complica\u00e7\u00e3o. Isso aumentou muito meu conforto e satisfa\u00e7\u00e3o.\u201d<\/p>\n<\/div>\n<\/div><\/div>\n<\/div>\n\n\n\n<div class=\"wp-block-group alignwide has-global-padding is-layout-constrained wp-block-group-is-layout-constrained\" style=\"border-width:1px\">\n<div class=\"wp-block-media-text alignwide has-media-on-the-right is-stacked-on-mobile is-image-fill-element extendify-image-import has-background-background-color has-background\"><div class=\"wp-block-media-text__content\">\n<div class=\"wp-block-group has-global-padding is-content-justification-center is-layout-constrained wp-block-group-is-layout-constrained\" style=\"padding-top:var(--wp--preset--spacing--60);padding-bottom:var(--wp--preset--spacing--60)\">\n<h3 class=\"wp-block-heading has-large-font-size\">Simplificando a remo\u00e7\u00e3o de carros para sua conveni\u00eancia.<\/h3>\n\n\n\n<p style=\"margin-top:16px\">\u201cA Barroso Junk Cars ofereceu um servi\u00e7o eficiente, garantindo a remo\u00e7\u00e3o r\u00e1pida do carro sem custo adicional. O atendimento personalizado fez toda a diferen\u00e7a para mim.\u201d<\/p>\n<\/div>\n<\/div><figure class=\"wp-block-media-text__media\"><img decoding=\"async\" src=\"https:\/\/images.unsplash.com\/photo-1600600457585-570c2eb88b89?fit=crop&amp;crop=entropy%2Cfaces&amp;auto=format%2Ccompress&amp;w=1280\" alt=\"\" style=\"object-position:50% 50%\"\/><\/figure><\/div>\n<\/div>\n\n\n\n<div class=\"wp-block-group alignwide has-global-padding is-layout-constrained wp-block-group-is-layout-constrained\" style=\"border-width:1px\">\n<div class=\"wp-block-media-text alignwide is-stacked-on-mobile is-image-fill-element extendify-image-import has-background-background-color has-background\"><figure class=\"wp-block-media-text__media\"><img decoding=\"async\" src=\"https:\/\/images.unsplash.com\/photo-1567532939604-b6b5b0db2604?fit=crop&amp;crop=entropy%2Cfaces&amp;auto=format%2Ccompress&amp;w=1280\" alt=\"\" style=\"object-position:50% 50%\"\/><\/figure><div class=\"wp-block-media-text__content\">\n<div class=\"wp-block-group has-global-padding is-content-justification-center is-layout-constrained wp-block-group-is-layout-constrained\" style=\"padding-top:var(--wp--preset--spacing--60);padding-bottom:var(--wp--preset--spacing--60)\">\n<h3 class=\"wp-block-heading has-large-font-size\">Construindo confian\u00e7a com um servi\u00e7o local confi\u00e1vel.<\/h3>\n\n\n\n<p style=\"margin-top:16px\">\u201cFazer meu seguro de carro com a Barroso Junk Cars foi super f\u00e1cil e r\u00e1pido. Eles cuidaram de toda a documenta\u00e7\u00e3o, me deram um pre\u00e7o justo e um atendimento muito atencioso. Recomendo demais!\u201d<\/p>\n<\/div>\n<\/div><\/div>\n<\/div>\n<\/div>","protected":false},"excerpt":{"rendered":"<p>&#8220;Barroso Junk Cars made getting rid of my old car quick and professional.&#8221; Mariana Silva Vehicle Owner Real Testimonials from Barroso Junk Cars Customers Here, you\u2019ll see how our customers experienced fast and efficient service in removing their old cars, making the whole process simple and hassle-free. How Barroso Junk Cars Made Life Easier for [&hellip;]<\/p>\n","protected":false},"author":1,"featured_media":0,"parent":0,"menu_order":0,"comment_status":"closed","ping_status":"closed","template":"no-title","meta":{"_joinchat":[],"footnotes":""},"class_list":["post-15","page","type-page","status-publish","hentry"],"yoast_head":"<!-- This site is optimized with the Yoast SEO plugin v27.2 - https:\/\/yoast.com\/product\/yoast-seo-wordpress\/ -->\n<title>Depoimentos - Barroso Junk Cars<\/title>\n<meta name=\"robots\" content=\"index, follow, max-snippet:-1, max-image-preview:large, max-video-preview:-1\" \/>\n<link rel=\"canonical\" href=\"https:\/\/barrosojunkcars.com\/pt\/depoimentos\/\" \/>\n<meta property=\"og:locale\" content=\"pt_BR\" \/>\n<meta property=\"og:type\" content=\"article\" \/>\n<meta property=\"og:title\" content=\"Depoimentos - Barroso Junk Cars\" \/>\n<meta property=\"og:description\" content=\"&#8220;Barroso Junk Cars made getting rid of my old car quick and professional.&#8221; Mariana Silva Vehicle Owner Real Testimonials from Barroso Junk Cars Customers Here, you\u2019ll see how our customers experienced fast and efficient service in removing their old cars, making the whole process simple and hassle-free. How Barroso Junk Cars Made Life Easier for [&hellip;]\" \/>\n<meta property=\"og:url\" content=\"https:\/\/barrosojunkcars.com\/pt\/depoimentos\/\" \/>\n<meta property=\"og:site_name\" content=\"Barroso Junk Cars\" \/>\n<meta property=\"article:publisher\" content=\"https:\/\/www.facebook.com\/barrosocars12355\" \/>\n<meta property=\"article:modified_time\" content=\"2025-07-21T16:00:02+00:00\" \/>\n<meta property=\"og:image\" content=\"https:\/\/images.unsplash.com\/photo-1645216755684-c946ce202427?ixid=M3w0MzUxNjF8MHwxfHNlYXJjaHwxNHx8c2NyYXAlMjB2ZWhpY2xlc3xlbnwwfHx8fDE3NTE5OTk3OTN8MA&amp;ixlib=rb-4.1.0&amp;orientation=landscape?fit=crop&amp;crop=entropy%2Cfaces&amp;auto=format%2Ccompress&amp;w=1280\" \/>\n<meta name=\"twitter:card\" content=\"summary_large_image\" \/>\n<meta name=\"twitter:label1\" content=\"Est. tempo de leitura\" \/>\n\t<meta name=\"twitter:data1\" content=\"2 minutos\" \/>\n<script type=\"application\/ld+json\" class=\"yoast-schema-graph\">{\"@context\":\"https:\/\/schema.org\",\"@graph\":[{\"@type\":\"WebPage\",\"@id\":\"https:\/\/barrosojunkcars.com\/depoimentos\/\",\"url\":\"https:\/\/barrosojunkcars.com\/depoimentos\/\",\"name\":\"Depoimentos - Barroso Junk Cars\",\"isPartOf\":{\"@id\":\"https:\/\/barrosojunkcars.com\/#website\"},\"primaryImageOfPage\":{\"@id\":\"https:\/\/barrosojunkcars.com\/depoimentos\/#primaryimage\"},\"image\":{\"@id\":\"https:\/\/barrosojunkcars.com\/depoimentos\/#primaryimage\"},\"thumbnailUrl\":\"https:\/\/images.unsplash.com\/photo-1645216755684-c946ce202427?ixid=M3w0MzUxNjF8MHwxfHNlYXJjaHwxNHx8c2NyYXAlMjB2ZWhpY2xlc3xlbnwwfHx8fDE3NTE5OTk3OTN8MA&amp;ixlib=rb-4.1.0&amp;orientation=landscape?fit=crop&amp;crop=entropy%2Cfaces&amp;auto=format%2Ccompress&amp;w=1280\",\"datePublished\":\"2025-07-08T18:40:37+00:00\",\"dateModified\":\"2025-07-21T16:00:02+00:00\",\"breadcrumb\":{\"@id\":\"https:\/\/barrosojunkcars.com\/depoimentos\/#breadcrumb\"},\"inLanguage\":\"pt-BR\",\"potentialAction\":[{\"@type\":\"ReadAction\",\"target\":[\"https:\/\/barrosojunkcars.com\/depoimentos\/\"]}]},{\"@type\":\"ImageObject\",\"inLanguage\":\"pt-BR\",\"@id\":\"https:\/\/barrosojunkcars.com\/depoimentos\/#primaryimage\",\"url\":\"https:\/\/images.unsplash.com\/photo-1645216755684-c946ce202427?ixid=M3w0MzUxNjF8MHwxfHNlYXJjaHwxNHx8c2NyYXAlMjB2ZWhpY2xlc3xlbnwwfHx8fDE3NTE5OTk3OTN8MA&amp;ixlib=rb-4.1.0&amp;orientation=landscape?fit=crop&amp;crop=entropy%2Cfaces&amp;auto=format%2Ccompress&amp;w=1280\",\"contentUrl\":\"https:\/\/images.unsplash.com\/photo-1645216755684-c946ce202427?ixid=M3w0MzUxNjF8MHwxfHNlYXJjaHwxNHx8c2NyYXAlMjB2ZWhpY2xlc3xlbnwwfHx8fDE3NTE5OTk3OTN8MA&amp;ixlib=rb-4.1.0&amp;orientation=landscape?fit=crop&amp;crop=entropy%2Cfaces&amp;auto=format%2Ccompress&amp;w=1280\"},{\"@type\":\"BreadcrumbList\",\"@id\":\"https:\/\/barrosojunkcars.com\/depoimentos\/#breadcrumb\",\"itemListElement\":[{\"@type\":\"ListItem\",\"position\":1,\"name\":\"In\u00edcio\",\"item\":\"https:\/\/barrosojunkcars.com\/\"},{\"@type\":\"ListItem\",\"position\":2,\"name\":\"Depoimentos\"}]},{\"@type\":\"WebSite\",\"@id\":\"https:\/\/barrosojunkcars.com\/#website\",\"url\":\"https:\/\/barrosojunkcars.com\/\",\"name\":\"Barroso Junk Cars\",\"description\":\"Old Car Removal and Used Car Sales with Trust and Speed in Massachusetts\",\"publisher\":{\"@id\":\"https:\/\/barrosojunkcars.com\/#organization\"},\"potentialAction\":[{\"@type\":\"SearchAction\",\"target\":{\"@type\":\"EntryPoint\",\"urlTemplate\":\"https:\/\/barrosojunkcars.com\/?s={search_term_string}\"},\"query-input\":{\"@type\":\"PropertyValueSpecification\",\"valueRequired\":true,\"valueName\":\"search_term_string\"}}],\"inLanguage\":\"pt-BR\"},{\"@type\":\"Organization\",\"@id\":\"https:\/\/barrosojunkcars.com\/#organization\",\"name\":\"Barroso Junk Cars\",\"url\":\"https:\/\/barrosojunkcars.com\/\",\"logo\":{\"@type\":\"ImageObject\",\"inLanguage\":\"pt-BR\",\"@id\":\"https:\/\/barrosojunkcars.com\/#\/schema\/logo\/image\/\",\"url\":\"https:\/\/barrosojunkcars.com\/wp-content\/uploads\/2025\/07\/Barroso-Junk-Cars.png\",\"contentUrl\":\"https:\/\/barrosojunkcars.com\/wp-content\/uploads\/2025\/07\/Barroso-Junk-Cars.png\",\"width\":1120,\"height\":1120,\"caption\":\"Barroso Junk Cars\"},\"image\":{\"@id\":\"https:\/\/barrosojunkcars.com\/#\/schema\/logo\/image\/\"},\"sameAs\":[\"https:\/\/www.facebook.com\/barrosocars12355\",\"https:\/\/www.instagram.com\/familiabarroso.usa\/\"]}]}<\/script>\n<!-- \/ Yoast SEO plugin. -->","yoast_head_json":{"title":"Depoimentos - Barroso Junk Cars","robots":{"index":"index","follow":"follow","max-snippet":"max-snippet:-1","max-image-preview":"max-image-preview:large","max-video-preview":"max-video-preview:-1"},"canonical":"https:\/\/barrosojunkcars.com\/pt\/depoimentos\/","og_locale":"pt_BR","og_type":"article","og_title":"Depoimentos - Barroso Junk Cars","og_description":"&#8220;Barroso Junk Cars made getting rid of my old car quick and professional.&#8221; Mariana Silva Vehicle Owner Real Testimonials from Barroso Junk Cars Customers Here, you\u2019ll see how our customers experienced fast and efficient service in removing their old cars, making the whole process simple and hassle-free. How Barroso Junk Cars Made Life Easier for [&hellip;]","og_url":"https:\/\/barrosojunkcars.com\/pt\/depoimentos\/","og_site_name":"Barroso Junk Cars","article_publisher":"https:\/\/www.facebook.com\/barrosocars12355","article_modified_time":"2025-07-21T16:00:02+00:00","og_image":[{"url":"https:\/\/images.unsplash.com\/photo-1645216755684-c946ce202427?ixid=M3w0MzUxNjF8MHwxfHNlYXJjaHwxNHx8c2NyYXAlMjB2ZWhpY2xlc3xlbnwwfHx8fDE3NTE5OTk3OTN8MA&amp;ixlib=rb-4.1.0&amp;orientation=landscape?fit=crop&amp;crop=entropy%2Cfaces&amp;auto=format%2Ccompress&amp;w=1280","type":"","width":"","height":""}],"twitter_card":"summary_large_image","twitter_misc":{"Est. tempo de leitura":"2 minutos"},"schema":{"@context":"https:\/\/schema.org","@graph":[{"@type":"WebPage","@id":"https:\/\/barrosojunkcars.com\/depoimentos\/","url":"https:\/\/barrosojunkcars.com\/depoimentos\/","name":"Depoimentos - Barroso Junk Cars","isPartOf":{"@id":"https:\/\/barrosojunkcars.com\/#website"},"primaryImageOfPage":{"@id":"https:\/\/barrosojunkcars.com\/depoimentos\/#primaryimage"},"image":{"@id":"https:\/\/barrosojunkcars.com\/depoimentos\/#primaryimage"},"thumbnailUrl":"https:\/\/images.unsplash.com\/photo-1645216755684-c946ce202427?ixid=M3w0MzUxNjF8MHwxfHNlYXJjaHwxNHx8c2NyYXAlMjB2ZWhpY2xlc3xlbnwwfHx8fDE3NTE5OTk3OTN8MA&amp;ixlib=rb-4.1.0&amp;orientation=landscape?fit=crop&amp;crop=entropy%2Cfaces&amp;auto=format%2Ccompress&amp;w=1280","datePublished":"2025-07-08T18:40:37+00:00","dateModified":"2025-07-21T16:00:02+00:00","breadcrumb":{"@id":"https:\/\/barrosojunkcars.com\/depoimentos\/#breadcrumb"},"inLanguage":"pt-BR","potentialAction":[{"@type":"ReadAction","target":["https:\/\/barrosojunkcars.com\/depoimentos\/"]}]},{"@type":"ImageObject","inLanguage":"pt-BR","@id":"https:\/\/barrosojunkcars.com\/depoimentos\/#primaryimage","url":"https:\/\/images.unsplash.com\/photo-1645216755684-c946ce202427?ixid=M3w0MzUxNjF8MHwxfHNlYXJjaHwxNHx8c2NyYXAlMjB2ZWhpY2xlc3xlbnwwfHx8fDE3NTE5OTk3OTN8MA&amp;ixlib=rb-4.1.0&amp;orientation=landscape?fit=crop&amp;crop=entropy%2Cfaces&amp;auto=format%2Ccompress&amp;w=1280","contentUrl":"https:\/\/images.unsplash.com\/photo-1645216755684-c946ce202427?ixid=M3w0MzUxNjF8MHwxfHNlYXJjaHwxNHx8c2NyYXAlMjB2ZWhpY2xlc3xlbnwwfHx8fDE3NTE5OTk3OTN8MA&amp;ixlib=rb-4.1.0&amp;orientation=landscape?fit=crop&amp;crop=entropy%2Cfaces&amp;auto=format%2Ccompress&amp;w=1280"},{"@type":"BreadcrumbList","@id":"https:\/\/barrosojunkcars.com\/depoimentos\/#breadcrumb","itemListElement":[{"@type":"ListItem","position":1,"name":"In\u00edcio","item":"https:\/\/barrosojunkcars.com\/"},{"@type":"ListItem","position":2,"name":"Depoimentos"}]},{"@type":"WebSite","@id":"https:\/\/barrosojunkcars.com\/#website","url":"https:\/\/barrosojunkcars.com\/","name":"Barroso Junk Cars","description":"Old Car Removal and Used Car Sales with Trust and Speed in Massachusetts","publisher":{"@id":"https:\/\/barrosojunkcars.com\/#organization"},"potentialAction":[{"@type":"SearchAction","target":{"@type":"EntryPoint","urlTemplate":"https:\/\/barrosojunkcars.com\/?s={search_term_string}"},"query-input":{"@type":"PropertyValueSpecification","valueRequired":true,"valueName":"search_term_string"}}],"inLanguage":"pt-BR"},{"@type":"Organization","@id":"https:\/\/barrosojunkcars.com\/#organization","name":"Barroso Junk Cars","url":"https:\/\/barrosojunkcars.com\/","logo":{"@type":"ImageObject","inLanguage":"pt-BR","@id":"https:\/\/barrosojunkcars.com\/#\/schema\/logo\/image\/","url":"https:\/\/barrosojunkcars.com\/wp-content\/uploads\/2025\/07\/Barroso-Junk-Cars.png","contentUrl":"https:\/\/barrosojunkcars.com\/wp-content\/uploads\/2025\/07\/Barroso-Junk-Cars.png","width":1120,"height":1120,"caption":"Barroso Junk Cars"},"image":{"@id":"https:\/\/barrosojunkcars.com\/#\/schema\/logo\/image\/"},"sameAs":["https:\/\/www.facebook.com\/barrosocars12355","https:\/\/www.instagram.com\/familiabarroso.usa\/"]}]}},"jetpack_sharing_enabled":true,"_links":{"self":[{"href":"https:\/\/barrosojunkcars.com\/pt\/wp-json\/wp\/v2\/pages\/15","targetHints":{"allow":["GET"]}}],"collection":[{"href":"https:\/\/barrosojunkcars.com\/pt\/wp-json\/wp\/v2\/pages"}],"about":[{"href":"https:\/\/barrosojunkcars.com\/pt\/wp-json\/wp\/v2\/types\/page"}],"author":[{"embeddable":true,"href":"https:\/\/barrosojunkcars.com\/pt\/wp-json\/wp\/v2\/users\/1"}],"replies":[{"embeddable":true,"href":"https:\/\/barrosojunkcars.com\/pt\/wp-json\/wp\/v2\/comments?post=15"}],"version-history":[{"count":5,"href":"https:\/\/barrosojunkcars.com\/pt\/wp-json\/wp\/v2\/pages\/15\/revisions"}],"predecessor-version":[{"id":141,"href":"https:\/\/barrosojunkcars.com\/pt\/wp-json\/wp\/v2\/pages\/15\/revisions\/141"}],"wp:attachment":[{"href":"https:\/\/barrosojunkcars.com\/pt\/wp-json\/wp\/v2\/media?parent=15"}],"curies":[{"name":"wp","href":"https:\/\/api.w.org\/{rel}","templated":true}]}}