{"id":12,"date":"2025-07-08T18:40:35","date_gmt":"2025-07-08T18:40:35","guid":{"rendered":"https:\/\/barrosojunkcars.com\/orcamento\/"},"modified":"2025-07-22T00:29:33","modified_gmt":"2025-07-22T00:29:33","slug":"orcamento","status":"publish","type":"page","link":"https:\/\/barrosojunkcars.com\/pt\/orcamento\/","title":{"rendered":"Or\u00e7amento"},"content":{"rendered":"<div class=\"wp-block-cover alignfull extendify-image-import has-aspect-ratio\" style=\"margin-top:0;margin-bottom:0;padding-top:var(--wp--preset--spacing--50);padding-bottom:var(--wp--preset--spacing--50);aspect-ratio:auto;min-height:unset;\"><img decoding=\"async\" class=\"wp-block-cover__image-background\" alt=\"\" src=\"https:\/\/images.unsplash.com\/photo-1742982372375-b90e36e7e451?ixid=M3w0MzUxNjF8MHwxfHNlYXJjaHw0fHxqdW5rJTIwY2Fyc3xlbnwwfHx8fDE3NTE5OTkzNjZ8MA&amp;ixlib=rb-4.1.0&amp;orientation=landscape?fit=crop&amp;crop=entropy%2Cfaces&amp;auto=format%2Ccompress&amp;w=1280\" data-object-fit=\"cover\"\/><span aria-hidden=\"true\" class=\"wp-block-cover__background has-background-dim-80 has-background-dim\" style=\"background-color:#050505\"><\/span><div class=\"wp-block-cover__inner-container has-global-padding is-layout-constrained wp-block-cover-is-layout-constrained\">\n<div class=\"wp-block-group alignwide is-nowrap is-layout-flex wp-container-core-group-is-layout-6c531013 wp-block-group-is-layout-flex\">\n<h1 class=\"wp-block-heading alignwide has-text-color has-link-color wp-elements-a24fadf20790fee6fab3f85927fb52a4\" style=\"color:#fefefe;font-size:clamp(1.188rem, 1.188rem + ((1vw - 0.2rem) * 1.153), 1.88rem);\">Or\u00e7amento<\/h1>\n<\/div>\n<\/div><\/div>\n\n\n\n<div class=\"wp-block-group alignfull has-background-background-color has-background has-global-padding is-layout-constrained wp-container-core-group-is-layout-fb85e995 wp-block-group-is-layout-constrained\" style=\"margin-top:0;margin-bottom:0;padding-top:var(--wp--preset--spacing--60);padding-right:var(--wp--preset--spacing--30);padding-bottom:var(--wp--preset--spacing--60);padding-left:var(--wp--preset--spacing--30)\">\n<div class=\"wp-block-columns alignwide is-layout-flex wp-container-core-columns-is-layout-658170e2 wp-block-columns-is-layout-flex\">\n<div class=\"wp-block-column is-layout-flow wp-block-column-is-layout-flow\">\n<div class=\"wp-block-cover extendify-image-import\" style=\"min-height:100%;aspect-ratio:unset;\"><img decoding=\"async\" class=\"wp-block-cover__image-background\" alt=\"\" src=\"https:\/\/images.unsplash.com\/flagged\/photo-1552640724-26ada94e8069?ixid=M3w0MzUxNjF8MHwxfHNlYXJjaHw3fHxqdW5rJTIwY2Fyc3xlbnwwfHx8fDE3NTE5OTkzNjZ8MA&amp;ixlib=rb-4.1.0&amp;orientation=landscape?fit=crop&amp;crop=entropy%2Cfaces&amp;auto=format%2Ccompress&amp;w=1280\" data-object-fit=\"cover\"\/><span aria-hidden=\"true\" class=\"wp-block-cover__background has-background-dim-0 has-background-dim\"><\/span><div class=\"wp-block-cover__inner-container is-layout-flow wp-block-cover-is-layout-flow\">\n<div style=\"height:380px\" aria-hidden=\"true\" class=\"wp-block-spacer\"><\/div>\n<\/div><\/div>\n<\/div>\n\n\n\n<div class=\"wp-block-column is-layout-flow wp-block-column-is-layout-flow\">\n<div class=\"wp-block-group alignwide has-global-padding is-layout-constrained wp-container-core-group-is-layout-52009084 wp-block-group-is-layout-constrained\" style=\"border-width:1px;padding-top:var(--wp--preset--spacing--40);padding-right:var(--wp--preset--spacing--40);padding-bottom:var(--wp--preset--spacing--40);padding-left:var(--wp--preset--spacing--40)\">\n<div class=\"wp-block-group alignwide has-global-padding is-content-justification-left is-layout-constrained wp-container-core-group-is-layout-3c97d49d wp-block-group-is-layout-constrained\" style=\"margin-bottom:var(--wp--preset--spacing--50)\">\n<h2 class=\"wp-block-heading has-large-font-size\">Solicite um Or\u00e7amento \ud83d\udcb0 Transforme Seu Carro Velho em Dinheiro!<\/h2>\n\n\n\n<p style=\"margin-top:16px\"><strong>Solicite seu or\u00e7amento personalizado agora e saia com dinheiro na m\u00e3o ainda hoje!<\/strong><br>Servi\u00e7o r\u00e1pido, sem complica\u00e7\u00f5es e com retirada no seu local.<br>\ud83d\ude97\ud83d\udca8 Solicite sua Cota\u00e7\u00e3o Agora!<\/p>\n<\/div>\n\n\n\n<div class=\"wp-block-group is-nowrap is-layout-flex wp-container-core-group-is-layout-501511a6 wp-block-group-is-layout-flex\">\n<figure class=\"wp-block-image size-large ext-aspect-landscape extendify-image-import wp-duotone-primary-foreground\"><img decoding=\"async\" src=\"data:image\/svg+xml;base64,PHN2ZyB4bWxucz0iaHR0cDovL3d3dy53My5vcmcvMjAwMC9zdmciIHdpZHRoPSI0OCIgaGVpZ2h0PSI0OCIgZmlsbD0ibm9uZSIgdmlld0JveD0iMCAwIDQ4IDQ4Ij48bWFzayBpZD0iYSIgd2lkdGg9IjQ4IiBoZWlnaHQ9IjQ4IiB4PSIwIiB5PSIwIiBtYXNrVW5pdHM9InVzZXJTcGFjZU9uVXNlIiBzdHlsZT0ibWFzay10eXBlOmFscGhhIj48cGF0aCBmaWxsPSIjRDlEOUQ5IiBkPSJNMCAwaDQ4djQ4SDB6Ii8+PC9tYXNrPjxnIG1hc2s9InVybCgjYSkiPjxwYXRoIGZpbGw9IiMxQzFCMUYiIGQ9Ik0yNCA0NGMtMi44MzMgMC01LjQ2Ny0uNTA4LTcuOS0xLjUyNS0yLjQzMy0xLjAxNy00LjU1LTIuNDI1LTYuMzUtNC4yMjUtMS44LTEuOC0zLjIwOC0zLjkxNy00LjIyNS02LjM1QzQuNTA4IDI5LjQ2NyA0IDI2LjgzMyA0IDI0YzAtMi44LjUwOC01LjQxNyAxLjUyNS03Ljg1UzcuOTUgMTEuNiA5Ljc1IDkuOGMxLjgtMS44IDMuOTE3LTMuMjE3IDYuMzUtNC4yNVMyMS4xNjcgNCAyNCA0YzIuNSAwIDQuODMzLjQgNyAxLjIgMi4xNjcuOCA0LjExNyAxLjkgNS44NSAzLjNsLTIuMTUgMi4xNWExNi43MzIgMTYuNzMyIDAgMCAwLTQuOS0yLjdDMjggNy4zMTcgMjYuMDY3IDcgMjQgN2MtNC44MzMgMC04Ljg3NSAxLjYyNS0xMi4xMjUgNC44NzVTNyAxOS4xNjcgNyAyNHMxLjYyNSA4Ljg3NSA0Ljg3NSAxMi4xMjVTMTkuMTY3IDQxIDI0IDQxczguODc1LTEuNjI1IDEyLjEyNS00Ljg3NVM0MSAyOC44MzMgNDEgMjRjMC0xLS4wNzUtMS45NzUtLjIyNS0yLjkyNS0uMTUtLjk1LS4zNzUtMS44NzUtLjY3NS0yLjc3NWwyLjMtMi4zYTE5LjEyMiAxOS4xMjIgMCAwIDEgMS4yIDMuODVjLjI2NyAxLjMzMy40IDIuNzE3LjQgNC4xNSAwIDIuODMzLS41MTcgNS40NjctMS41NSA3LjktMS4wMzMgMi40MzMtMi40NSA0LjU1LTQuMjUgNi4zNS0xLjggMS44LTMuOTE3IDMuMjA4LTYuMzUgNC4yMjVDMjkuNDE3IDQzLjQ5MiAyNi44IDQ0IDI0IDQ0Wm0tMi45NS0xMC45LTguMjUtOC4zIDIuMjUtMi4yNSA2IDYgMjAuNy0yMC43IDIuMyAyLjI1LTIzIDIzWiIvPjwvZz48L3N2Zz4=\" alt=\"\" style=\"object-fit:cover\"\/><\/figure>\n\n\n\n<div class=\"wp-block-group wp-container-content-958eb9dc has-global-padding is-layout-constrained wp-block-group-is-layout-constrained\">\n<h3 class=\"wp-block-heading\" style=\"font-size:clamp(14px, 0.875rem + ((1vw - 3.2px) * 0.625), 20px);line-height:1.5\">Processo R\u00e1pido e Sem Estresse<\/h3>\n\n\n\n<p class=\"has-small-font-size\" style=\"margin-top:4px\">Basta preencher alguns dados e receba seu or\u00e7amento completo em minutos. Simples, r\u00e1pido e direto ao ponto!<\/p>\n<\/div>\n<\/div>\n\n\n\n<div class=\"wp-block-group is-nowrap is-layout-flex wp-container-core-group-is-layout-501511a6 wp-block-group-is-layout-flex\">\n<figure class=\"wp-block-image size-large ext-aspect-landscape extendify-image-import wp-duotone-primary-foreground\"><img decoding=\"async\" src=\"data:image\/svg+xml;base64,PHN2ZyB4bWxucz0iaHR0cDovL3d3dy53My5vcmcvMjAwMC9zdmciIHdpZHRoPSI0OCIgaGVpZ2h0PSI0OCIgZmlsbD0ibm9uZSIgdmlld0JveD0iMCAwIDQ4IDQ4Ij48bWFzayBpZD0iYSIgd2lkdGg9IjQ4IiBoZWlnaHQ9IjQ4IiB4PSIwIiB5PSIwIiBtYXNrVW5pdHM9InVzZXJTcGFjZU9uVXNlIiBzdHlsZT0ibWFzay10eXBlOmFscGhhIj48cGF0aCBmaWxsPSIjRDlEOUQ5IiBkPSJNMCAwaDQ4djQ4SDB6Ii8+PC9tYXNrPjxnIG1hc2s9InVybCgjYSkiPjxwYXRoIGZpbGw9IiMxQzFCMUYiIGQ9Ik0yNCA0NGMtMi44MzMgMC01LjQ2Ny0uNTA4LTcuOS0xLjUyNS0yLjQzMy0xLjAxNy00LjU1LTIuNDI1LTYuMzUtNC4yMjUtMS44LTEuOC0zLjIwOC0zLjkxNy00LjIyNS02LjM1QzQuNTA4IDI5LjQ2NyA0IDI2LjgzMyA0IDI0YzAtMi44LjUwOC01LjQxNyAxLjUyNS03Ljg1UzcuOTUgMTEuNiA5Ljc1IDkuOGMxLjgtMS44IDMuOTE3LTMuMjE3IDYuMzUtNC4yNVMyMS4xNjcgNCAyNCA0YzIuNSAwIDQuODMzLjQgNyAxLjIgMi4xNjcuOCA0LjExNyAxLjkgNS44NSAzLjNsLTIuMTUgMi4xNWExNi43MzIgMTYuNzMyIDAgMCAwLTQuOS0yLjdDMjggNy4zMTcgMjYuMDY3IDcgMjQgN2MtNC44MzMgMC04Ljg3NSAxLjYyNS0xMi4xMjUgNC44NzVTNyAxOS4xNjcgNyAyNHMxLjYyNSA4Ljg3NSA0Ljg3NSAxMi4xMjVTMTkuMTY3IDQxIDI0IDQxczguODc1LTEuNjI1IDEyLjEyNS00Ljg3NVM0MSAyOC44MzMgNDEgMjRjMC0xLS4wNzUtMS45NzUtLjIyNS0yLjkyNS0uMTUtLjk1LS4zNzUtMS44NzUtLjY3NS0yLjc3NWwyLjMtMi4zYTE5LjEyMiAxOS4xMjIgMCAwIDEgMS4yIDMuODVjLjI2NyAxLjMzMy40IDIuNzE3LjQgNC4xNSAwIDIuODMzLS41MTcgNS40NjctMS41NSA3LjktMS4wMzMgMi40MzMtMi40NSA0LjU1LTQuMjUgNi4zNS0xLjggMS44LTMuOTE3IDMuMjA4LTYuMzUgNC4yMjVDMjkuNDE3IDQzLjQ5MiAyNi44IDQ0IDI0IDQ0Wm0tMi45NS0xMC45LTguMjUtOC4zIDIuMjUtMi4yNSA2IDYgMjAuNy0yMC43IDIuMyAyLjI1LTIzIDIzWiIvPjwvZz48L3N2Zz4=\" alt=\"\" style=\"object-fit:cover\"\/><\/figure>\n\n\n\n<div class=\"wp-block-group wp-container-content-958eb9dc has-global-padding is-layout-constrained wp-block-group-is-layout-constrained\">\n<h3 class=\"wp-block-heading\" style=\"font-size:clamp(14px, 0.875rem + ((1vw - 3.2px) * 0.625), 20px);line-height:1.5\">Servi\u00e7o especializado em Massachusetts!<\/h3>\n\n\n\n<p class=\"has-small-font-size\" style=\"margin-top:4px\">Equipe local experiente oferecendo um servi\u00e7o de alta qualidade, totalmente seguro e em conformidade!<\/p>\n<\/div>\n<\/div>\n\n\n\n<div class=\"wp-block-group is-nowrap is-layout-flex wp-container-core-group-is-layout-501511a6 wp-block-group-is-layout-flex\">\n<figure class=\"wp-block-image size-large ext-aspect-landscape extendify-image-import wp-duotone-primary-foreground\"><img decoding=\"async\" src=\"data:image\/svg+xml;base64,PHN2ZyB4bWxucz0iaHR0cDovL3d3dy53My5vcmcvMjAwMC9zdmciIHdpZHRoPSI0OCIgaGVpZ2h0PSI0OCIgZmlsbD0ibm9uZSIgdmlld0JveD0iMCAwIDQ4IDQ4Ij48bWFzayBpZD0iYSIgd2lkdGg9IjQ4IiBoZWlnaHQ9IjQ4IiB4PSIwIiB5PSIwIiBtYXNrVW5pdHM9InVzZXJTcGFjZU9uVXNlIiBzdHlsZT0ibWFzay10eXBlOmFscGhhIj48cGF0aCBmaWxsPSIjRDlEOUQ5IiBkPSJNMCAwaDQ4djQ4SDB6Ii8+PC9tYXNrPjxnIG1hc2s9InVybCgjYSkiPjxwYXRoIGZpbGw9IiMxQzFCMUYiIGQ9Ik0yNCA0NGMtMi44MzMgMC01LjQ2Ny0uNTA4LTcuOS0xLjUyNS0yLjQzMy0xLjAxNy00LjU1LTIuNDI1LTYuMzUtNC4yMjUtMS44LTEuOC0zLjIwOC0zLjkxNy00LjIyNS02LjM1QzQuNTA4IDI5LjQ2NyA0IDI2LjgzMyA0IDI0YzAtMi44LjUwOC01LjQxNyAxLjUyNS03Ljg1UzcuOTUgMTEuNiA5Ljc1IDkuOGMxLjgtMS44IDMuOTE3LTMuMjE3IDYuMzUtNC4yNVMyMS4xNjcgNCAyNCA0YzIuNSAwIDQuODMzLjQgNyAxLjIgMi4xNjcuOCA0LjExNyAxLjkgNS44NSAzLjNsLTIuMTUgMi4xNWExNi43MzIgMTYuNzMyIDAgMCAwLTQuOS0yLjdDMjggNy4zMTcgMjYuMDY3IDcgMjQgN2MtNC44MzMgMC04Ljg3NSAxLjYyNS0xMi4xMjUgNC44NzVTNyAxOS4xNjcgNyAyNHMxLjYyNSA4Ljg3NSA0Ljg3NSAxMi4xMjVTMTkuMTY3IDQxIDI0IDQxczguODc1LTEuNjI1IDEyLjEyNS00Ljg3NVM0MSAyOC44MzMgNDEgMjRjMC0xLS4wNzUtMS45NzUtLjIyNS0yLjkyNS0uMTUtLjk1LS4zNzUtMS44NzUtLjY3NS0yLjc3NWwyLjMtMi4zYTE5LjEyMiAxOS4xMjIgMCAwIDEgMS4yIDMuODVjLjI2NyAxLjMzMy40IDIuNzE3LjQgNC4xNSAwIDIuODMzLS41MTcgNS40NjctMS41NSA3LjktMS4wMzMgMi40MzMtMi40NSA0LjU1LTQuMjUgNi4zNS0xLjggMS44LTMuOTE3IDMuMjA4LTYuMzUgNC4yMjVDMjkuNDE3IDQzLjQ5MiAyNi44IDQ0IDI0IDQ0Wm0tMi45NS0xMC45LTguMjUtOC4zIDIuMjUtMi4yNSA2IDYgMjAuNy0yMC43IDIuMyAyLjI1LTIzIDIzWiIvPjwvZz48L3N2Zz4=\" alt=\"\" style=\"object-fit:cover\"\/><\/figure>\n\n\n\n<div class=\"wp-block-group wp-container-content-958eb9dc has-global-padding is-layout-constrained wp-block-group-is-layout-constrained\">\n<h3 class=\"wp-block-heading\" style=\"font-size:clamp(14px, 0.875rem + ((1vw - 3.2px) * 0.625), 20px);line-height:1.5\">Avalia\u00e7\u00e3o honesta e pagamento instant\u00e2neo<\/h3>\n\n\n\n<p class=\"has-small-font-size\" style=\"margin-top:4px\">Receba a melhor oferta pelo seu carro velho e transforme-o em dinheiro na hora \u2014 sem complica\u00e7\u00e3o!<\/p>\n<\/div>\n<\/div>\n\n\n\n<div class=\"wp-block-buttons is-content-justification-left is-layout-flex wp-container-core-buttons-is-layout-e71dbd94 wp-block-buttons-is-layout-flex\" style=\"margin-top:var(--wp--preset--spacing--50)\">\n<div class=\"wp-block-button has-custom-width wp-block-button__width-100\"><a class=\"wp-block-button__link wp-element-button\" href=\"https:\/\/barrosojunkcars.com\/pt\/orcamento-junk-car\/\">Solicitar Agora<\/a><\/div>\n<\/div>\n<\/div>\n<\/div>\n<\/div>\n<\/div>\n\n\n\n<div class=\"wp-block-group alignfull has-tertiary-background-color has-background has-global-padding is-layout-constrained wp-container-core-group-is-layout-0420e281 wp-block-group-is-layout-constrained\" id=\"orcamento\" style=\"border-top-width:1px;margin-top:0;margin-bottom:0;padding-top:0;padding-right:0;padding-bottom:0;padding-left:0\">\n<div class=\"wp-block-group has-global-padding is-layout-constrained wp-block-group-is-layout-constrained\" style=\"padding-top:var(--wp--preset--spacing--60);padding-bottom:var(--wp--preset--spacing--60)\">\n<h2 class=\"wp-block-heading has-text-align-center\">Solicite um Or\u00e7amento para Seguro e Documenta\u00e7\u00e3o Hoje<\/h2>\n\n\n\n<p class=\"has-text-align-center\" style=\"margin-top:16px\">Somos especialistas <strong>em seguro automotivo<\/strong> e <strong>documenta\u00e7\u00e3o veicular<\/strong>.                      Cuidamos de tudo com agilidade, transpar\u00eancia e suporte completo!<br>E se precisar, <strong>tamb\u00e9m compramos carros velhos<\/strong> e <strong>e vendemos usados prontos para rodar.<\/strong>.<br>\ud83d\udcf2 Solicite seu or\u00e7amento agora e resolva tudo em um s\u00f3 lugar!<\/p>\n\n\n\n<div class=\"wp-block-buttons is-content-justification-center is-layout-flex wp-container-core-buttons-is-layout-6e21085f wp-block-buttons-is-layout-flex\" style=\"margin-top:var(--wp--preset--spacing--40)\">\n<div class=\"wp-block-button\"><a class=\"wp-block-button__link wp-element-button\" href=\"https:\/\/barrosojunkcars.com\/pt\/cotacao-seguro\/\">Solicitar Or\u00e7amento<\/a><\/div>\n<\/div>\n<\/div>\n<\/div>\n\n\n\n<div class=\"wp-block-group alignfull has-background-background-color has-background has-global-padding is-layout-constrained wp-block-group-is-layout-constrained\" style=\"border-top-width:1px;margin-top:0;margin-bottom:0;padding-top:var(--wp--preset--spacing--60);padding-bottom:var(--wp--preset--spacing--60)\">\n<div class=\"wp-block-media-text alignwide is-stacked-on-mobile is-vertically-aligned-center is-image-fill-element extendify-image-import\" style=\"padding-right:0;padding-left:0;grid-template-columns:40% auto\"><figure class=\"wp-block-media-text__media\"><img loading=\"lazy\" decoding=\"async\" width=\"500\" height=\"500\" src=\"https:\/\/barrosojunkcars.com\/wp-content\/uploads\/2025\/07\/BARROSO-1.png\" alt=\"\" class=\"wp-image-102 size-full\" style=\"object-position:50% 50%\" srcset=\"https:\/\/barrosojunkcars.com\/wp-content\/uploads\/2025\/07\/BARROSO-1.png 500w, https:\/\/barrosojunkcars.com\/wp-content\/uploads\/2025\/07\/BARROSO-1-300x300.png 300w, https:\/\/barrosojunkcars.com\/wp-content\/uploads\/2025\/07\/BARROSO-1-150x150.png 150w, https:\/\/barrosojunkcars.com\/wp-content\/uploads\/2025\/07\/BARROSO-1-12x12.png 12w\" sizes=\"auto, (max-width: 500px) 100vw, 500px\" \/><\/figure><div class=\"wp-block-media-text__content\">\n<div class=\"wp-block-group has-global-padding is-content-justification-left is-layout-constrained wp-container-core-group-is-layout-cdff7eec wp-block-group-is-layout-constrained\" style=\"padding-top:var(--wp--preset--spacing--30);padding-right:0;padding-bottom:var(--wp--preset--spacing--30);padding-left:0\">\n<h2 class=\"wp-block-heading has-large-font-size\"><strong>Encontre o Carro Usado Ideal com a Barroso Junk Cars<\/strong><\/h2>\n\n\n\n<p style=\"margin-top:16px\">Solicite seu or\u00e7amento agora e conhe\u00e7a nossas op\u00e7\u00f5es de ve\u00edculos com \u00f3timo custo-benef\u00edcio.<br>Pre\u00e7os justos, carros bem conservados e o melhor: cuidamos do seu seguro e da documenta\u00e7\u00e3o \u2014 tudo em um s\u00f3 lugar!<\/p>\n\n\n\n<p style=\"margin-top:16px\"><strong>Veja nossos carros dispon\u00edveis ou nos diga qual modelo voc\u00ea procura.<\/strong><\/p>\n\n\n\n<div class=\"wp-block-buttons is-layout-flex wp-container-core-buttons-is-layout-12dcd427 wp-block-buttons-is-layout-flex\" style=\"margin-top:var(--wp--preset--spacing--40)\">\n<div class=\"wp-block-button\"><a class=\"wp-block-button__link wp-element-button\" href=\"https:\/\/barrosojunkcars.com\/pt\/available-cars-for-sale\/\">Confira Nosso Estoque<\/a><\/div>\n<\/div>\n<\/div>\n<\/div><\/div>\n<\/div>","protected":false},"excerpt":{"rendered":"<p>Request a Quote &#x1f4b0; Turn Your Old Car into Cash! Request your custom quote now and leave with cash today!Speedy service, no hassle, and pickup at your location.&#x1f697;&#x1f4a8; Request Your Quote Now! Fast and Stress-Free Process Just fill out a few details and get your complete quote in minutes. Easy, fast, and straight to the [&hellip;]<\/p>\n","protected":false},"author":1,"featured_media":0,"parent":0,"menu_order":0,"comment_status":"closed","ping_status":"closed","template":"no-title","meta":{"_joinchat":[],"footnotes":""},"class_list":["post-12","page","type-page","status-publish","hentry"],"yoast_head":"<!-- This site is optimized with the Yoast SEO plugin v27.2 - https:\/\/yoast.com\/product\/yoast-seo-wordpress\/ -->\n<title>Or\u00e7amento - Barroso Junk Cars<\/title>\n<meta name=\"robots\" content=\"index, follow, max-snippet:-1, max-image-preview:large, max-video-preview:-1\" \/>\n<link rel=\"canonical\" href=\"https:\/\/barrosojunkcars.com\/pt\/orcamento\/\" \/>\n<meta property=\"og:locale\" content=\"pt_BR\" \/>\n<meta property=\"og:type\" content=\"article\" \/>\n<meta property=\"og:title\" content=\"Or\u00e7amento - Barroso Junk Cars\" \/>\n<meta property=\"og:description\" content=\"Request a Quote &#x1f4b0; Turn Your Old Car into Cash! Request your custom quote now and leave with cash today!Speedy service, no hassle, and pickup at your location.&#x1f697;&#x1f4a8; Request Your Quote Now! Fast and Stress-Free Process Just fill out a few details and get your complete quote in minutes. Easy, fast, and straight to the [&hellip;]\" \/>\n<meta property=\"og:url\" content=\"https:\/\/barrosojunkcars.com\/pt\/orcamento\/\" \/>\n<meta property=\"og:site_name\" content=\"Barroso Junk Cars\" \/>\n<meta property=\"article:publisher\" content=\"https:\/\/www.facebook.com\/barrosocars12355\" \/>\n<meta property=\"article:modified_time\" content=\"2025-07-22T00:29:33+00:00\" \/>\n<meta property=\"og:image\" content=\"https:\/\/images.unsplash.com\/photo-1742982372375-b90e36e7e451?ixid=M3w0MzUxNjF8MHwxfHNlYXJjaHw0fHxqdW5rJTIwY2Fyc3xlbnwwfHx8fDE3NTE5OTkzNjZ8MA&amp;ixlib=rb-4.1.0&amp;orientation=landscape?fit=crop&amp;crop=entropy%2Cfaces&amp;auto=format%2Ccompress&amp;w=1280\" \/>\n<meta name=\"twitter:card\" content=\"summary_large_image\" \/>\n<meta name=\"twitter:label1\" content=\"Est. tempo de leitura\" \/>\n\t<meta name=\"twitter:data1\" content=\"3 minutos\" \/>\n<script type=\"application\/ld+json\" class=\"yoast-schema-graph\">{\"@context\":\"https:\/\/schema.org\",\"@graph\":[{\"@type\":\"WebPage\",\"@id\":\"https:\/\/barrosojunkcars.com\/orcamento\/\",\"url\":\"https:\/\/barrosojunkcars.com\/orcamento\/\",\"name\":\"Or\u00e7amento - Barroso Junk Cars\",\"isPartOf\":{\"@id\":\"https:\/\/barrosojunkcars.com\/#website\"},\"primaryImageOfPage\":{\"@id\":\"https:\/\/barrosojunkcars.com\/orcamento\/#primaryimage\"},\"image\":{\"@id\":\"https:\/\/barrosojunkcars.com\/orcamento\/#primaryimage\"},\"thumbnailUrl\":\"https:\/\/images.unsplash.com\/photo-1742982372375-b90e36e7e451?ixid=M3w0MzUxNjF8MHwxfHNlYXJjaHw0fHxqdW5rJTIwY2Fyc3xlbnwwfHx8fDE3NTE5OTkzNjZ8MA&amp;ixlib=rb-4.1.0&amp;orientation=landscape?fit=crop&amp;crop=entropy%2Cfaces&amp;auto=format%2Ccompress&amp;w=1280\",\"datePublished\":\"2025-07-08T18:40:35+00:00\",\"dateModified\":\"2025-07-22T00:29:33+00:00\",\"breadcrumb\":{\"@id\":\"https:\/\/barrosojunkcars.com\/orcamento\/#breadcrumb\"},\"inLanguage\":\"pt-BR\",\"potentialAction\":[{\"@type\":\"ReadAction\",\"target\":[\"https:\/\/barrosojunkcars.com\/orcamento\/\"]}]},{\"@type\":\"ImageObject\",\"inLanguage\":\"pt-BR\",\"@id\":\"https:\/\/barrosojunkcars.com\/orcamento\/#primaryimage\",\"url\":\"https:\/\/images.unsplash.com\/photo-1742982372375-b90e36e7e451?ixid=M3w0MzUxNjF8MHwxfHNlYXJjaHw0fHxqdW5rJTIwY2Fyc3xlbnwwfHx8fDE3NTE5OTkzNjZ8MA&amp;ixlib=rb-4.1.0&amp;orientation=landscape?fit=crop&amp;crop=entropy%2Cfaces&amp;auto=format%2Ccompress&amp;w=1280\",\"contentUrl\":\"https:\/\/images.unsplash.com\/photo-1742982372375-b90e36e7e451?ixid=M3w0MzUxNjF8MHwxfHNlYXJjaHw0fHxqdW5rJTIwY2Fyc3xlbnwwfHx8fDE3NTE5OTkzNjZ8MA&amp;ixlib=rb-4.1.0&amp;orientation=landscape?fit=crop&amp;crop=entropy%2Cfaces&amp;auto=format%2Ccompress&amp;w=1280\"},{\"@type\":\"BreadcrumbList\",\"@id\":\"https:\/\/barrosojunkcars.com\/orcamento\/#breadcrumb\",\"itemListElement\":[{\"@type\":\"ListItem\",\"position\":1,\"name\":\"In\u00edcio\",\"item\":\"https:\/\/barrosojunkcars.com\/\"},{\"@type\":\"ListItem\",\"position\":2,\"name\":\"Or\u00e7amento\"}]},{\"@type\":\"WebSite\",\"@id\":\"https:\/\/barrosojunkcars.com\/#website\",\"url\":\"https:\/\/barrosojunkcars.com\/\",\"name\":\"Barroso Junk Cars\",\"description\":\"Old Car Removal and Used Car Sales with Trust and Speed in Massachusetts\",\"publisher\":{\"@id\":\"https:\/\/barrosojunkcars.com\/#organization\"},\"potentialAction\":[{\"@type\":\"SearchAction\",\"target\":{\"@type\":\"EntryPoint\",\"urlTemplate\":\"https:\/\/barrosojunkcars.com\/?s={search_term_string}\"},\"query-input\":{\"@type\":\"PropertyValueSpecification\",\"valueRequired\":true,\"valueName\":\"search_term_string\"}}],\"inLanguage\":\"pt-BR\"},{\"@type\":\"Organization\",\"@id\":\"https:\/\/barrosojunkcars.com\/#organization\",\"name\":\"Barroso Junk Cars\",\"url\":\"https:\/\/barrosojunkcars.com\/\",\"logo\":{\"@type\":\"ImageObject\",\"inLanguage\":\"pt-BR\",\"@id\":\"https:\/\/barrosojunkcars.com\/#\/schema\/logo\/image\/\",\"url\":\"https:\/\/barrosojunkcars.com\/wp-content\/uploads\/2025\/07\/Barroso-Junk-Cars.png\",\"contentUrl\":\"https:\/\/barrosojunkcars.com\/wp-content\/uploads\/2025\/07\/Barroso-Junk-Cars.png\",\"width\":1120,\"height\":1120,\"caption\":\"Barroso Junk Cars\"},\"image\":{\"@id\":\"https:\/\/barrosojunkcars.com\/#\/schema\/logo\/image\/\"},\"sameAs\":[\"https:\/\/www.facebook.com\/barrosocars12355\",\"https:\/\/www.instagram.com\/familiabarroso.usa\/\"]}]}<\/script>\n<!-- \/ Yoast SEO plugin. -->","yoast_head_json":{"title":"Or\u00e7amento - Barroso Junk Cars","robots":{"index":"index","follow":"follow","max-snippet":"max-snippet:-1","max-image-preview":"max-image-preview:large","max-video-preview":"max-video-preview:-1"},"canonical":"https:\/\/barrosojunkcars.com\/pt\/orcamento\/","og_locale":"pt_BR","og_type":"article","og_title":"Or\u00e7amento - Barroso Junk Cars","og_description":"Request a Quote &#x1f4b0; Turn Your Old Car into Cash! Request your custom quote now and leave with cash today!Speedy service, no hassle, and pickup at your location.&#x1f697;&#x1f4a8; Request Your Quote Now! Fast and Stress-Free Process Just fill out a few details and get your complete quote in minutes. Easy, fast, and straight to the [&hellip;]","og_url":"https:\/\/barrosojunkcars.com\/pt\/orcamento\/","og_site_name":"Barroso Junk Cars","article_publisher":"https:\/\/www.facebook.com\/barrosocars12355","article_modified_time":"2025-07-22T00:29:33+00:00","og_image":[{"url":"https:\/\/images.unsplash.com\/photo-1742982372375-b90e36e7e451?ixid=M3w0MzUxNjF8MHwxfHNlYXJjaHw0fHxqdW5rJTIwY2Fyc3xlbnwwfHx8fDE3NTE5OTkzNjZ8MA&amp;ixlib=rb-4.1.0&amp;orientation=landscape?fit=crop&amp;crop=entropy%2Cfaces&amp;auto=format%2Ccompress&amp;w=1280","type":"","width":"","height":""}],"twitter_card":"summary_large_image","twitter_misc":{"Est. tempo de leitura":"3 minutos"},"schema":{"@context":"https:\/\/schema.org","@graph":[{"@type":"WebPage","@id":"https:\/\/barrosojunkcars.com\/orcamento\/","url":"https:\/\/barrosojunkcars.com\/orcamento\/","name":"Or\u00e7amento - Barroso Junk Cars","isPartOf":{"@id":"https:\/\/barrosojunkcars.com\/#website"},"primaryImageOfPage":{"@id":"https:\/\/barrosojunkcars.com\/orcamento\/#primaryimage"},"image":{"@id":"https:\/\/barrosojunkcars.com\/orcamento\/#primaryimage"},"thumbnailUrl":"https:\/\/images.unsplash.com\/photo-1742982372375-b90e36e7e451?ixid=M3w0MzUxNjF8MHwxfHNlYXJjaHw0fHxqdW5rJTIwY2Fyc3xlbnwwfHx8fDE3NTE5OTkzNjZ8MA&amp;ixlib=rb-4.1.0&amp;orientation=landscape?fit=crop&amp;crop=entropy%2Cfaces&amp;auto=format%2Ccompress&amp;w=1280","datePublished":"2025-07-08T18:40:35+00:00","dateModified":"2025-07-22T00:29:33+00:00","breadcrumb":{"@id":"https:\/\/barrosojunkcars.com\/orcamento\/#breadcrumb"},"inLanguage":"pt-BR","potentialAction":[{"@type":"ReadAction","target":["https:\/\/barrosojunkcars.com\/orcamento\/"]}]},{"@type":"ImageObject","inLanguage":"pt-BR","@id":"https:\/\/barrosojunkcars.com\/orcamento\/#primaryimage","url":"https:\/\/images.unsplash.com\/photo-1742982372375-b90e36e7e451?ixid=M3w0MzUxNjF8MHwxfHNlYXJjaHw0fHxqdW5rJTIwY2Fyc3xlbnwwfHx8fDE3NTE5OTkzNjZ8MA&amp;ixlib=rb-4.1.0&amp;orientation=landscape?fit=crop&amp;crop=entropy%2Cfaces&amp;auto=format%2Ccompress&amp;w=1280","contentUrl":"https:\/\/images.unsplash.com\/photo-1742982372375-b90e36e7e451?ixid=M3w0MzUxNjF8MHwxfHNlYXJjaHw0fHxqdW5rJTIwY2Fyc3xlbnwwfHx8fDE3NTE5OTkzNjZ8MA&amp;ixlib=rb-4.1.0&amp;orientation=landscape?fit=crop&amp;crop=entropy%2Cfaces&amp;auto=format%2Ccompress&amp;w=1280"},{"@type":"BreadcrumbList","@id":"https:\/\/barrosojunkcars.com\/orcamento\/#breadcrumb","itemListElement":[{"@type":"ListItem","position":1,"name":"In\u00edcio","item":"https:\/\/barrosojunkcars.com\/"},{"@type":"ListItem","position":2,"name":"Or\u00e7amento"}]},{"@type":"WebSite","@id":"https:\/\/barrosojunkcars.com\/#website","url":"https:\/\/barrosojunkcars.com\/","name":"Barroso Junk Cars","description":"Old Car Removal and Used Car Sales with Trust and Speed in Massachusetts","publisher":{"@id":"https:\/\/barrosojunkcars.com\/#organization"},"potentialAction":[{"@type":"SearchAction","target":{"@type":"EntryPoint","urlTemplate":"https:\/\/barrosojunkcars.com\/?s={search_term_string}"},"query-input":{"@type":"PropertyValueSpecification","valueRequired":true,"valueName":"search_term_string"}}],"inLanguage":"pt-BR"},{"@type":"Organization","@id":"https:\/\/barrosojunkcars.com\/#organization","name":"Barroso Junk Cars","url":"https:\/\/barrosojunkcars.com\/","logo":{"@type":"ImageObject","inLanguage":"pt-BR","@id":"https:\/\/barrosojunkcars.com\/#\/schema\/logo\/image\/","url":"https:\/\/barrosojunkcars.com\/wp-content\/uploads\/2025\/07\/Barroso-Junk-Cars.png","contentUrl":"https:\/\/barrosojunkcars.com\/wp-content\/uploads\/2025\/07\/Barroso-Junk-Cars.png","width":1120,"height":1120,"caption":"Barroso Junk Cars"},"image":{"@id":"https:\/\/barrosojunkcars.com\/#\/schema\/logo\/image\/"},"sameAs":["https:\/\/www.facebook.com\/barrosocars12355","https:\/\/www.instagram.com\/familiabarroso.usa\/"]}]}},"jetpack_sharing_enabled":true,"_links":{"self":[{"href":"https:\/\/barrosojunkcars.com\/pt\/wp-json\/wp\/v2\/pages\/12","targetHints":{"allow":["GET"]}}],"collection":[{"href":"https:\/\/barrosojunkcars.com\/pt\/wp-json\/wp\/v2\/pages"}],"about":[{"href":"https:\/\/barrosojunkcars.com\/pt\/wp-json\/wp\/v2\/types\/page"}],"author":[{"embeddable":true,"href":"https:\/\/barrosojunkcars.com\/pt\/wp-json\/wp\/v2\/users\/1"}],"replies":[{"embeddable":true,"href":"https:\/\/barrosojunkcars.com\/pt\/wp-json\/wp\/v2\/comments?post=12"}],"version-history":[{"count":14,"href":"https:\/\/barrosojunkcars.com\/pt\/wp-json\/wp\/v2\/pages\/12\/revisions"}],"predecessor-version":[{"id":239,"href":"https:\/\/barrosojunkcars.com\/pt\/wp-json\/wp\/v2\/pages\/12\/revisions\/239"}],"wp:attachment":[{"href":"https:\/\/barrosojunkcars.com\/pt\/wp-json\/wp\/v2\/media?parent=12"}],"curies":[{"name":"wp","href":"https:\/\/api.w.org\/{rel}","templated":true}]}}